{"id":91,"date":"2020-03-16T17:03:47","date_gmt":"2020-03-16T17:03:47","guid":{"rendered":"http:\/\/gsmuehlheim.de\/?page_id=91"},"modified":"2025-11-12T09:45:50","modified_gmt":"2025-11-12T09:45:50","slug":"betreuung","status":"publish","type":"page","link":"https:\/\/lippachtalschule.de\/?page_id=91","title":{"rendered":"Betreuung"},"content":{"rendered":"<h2><span style=\"font-family: comic sans ms, sans-serif; color: #003366;\">Leitung der Grundschulbetreuung<\/span><\/h2>\n<h3><span style=\"font-family: comic sans ms, sans-serif; color: #003366;\">Frau W\u00f6hrle<br \/>\n0152 56331040&nbsp; (w\u00e4hrend der Betreuungszeiten)<br \/>\n<\/span><\/h3>\n<h3><span style=\"font-size: 18pt; font-family: comic sans ms, sans-serif; color: #003366;\"><strong>oder betreuung@gsmuehlheim.de<\/strong><\/span><\/h3>\n<p><span style=\"font-family: comic sans ms, sans-serif; color: #003366;\">Team<\/span><\/p>\n<h3><span style=\"font-family: comic sans ms, sans-serif; color: #003366;\">Frau Neitzel<\/span><\/h3>\n<h3><span style=\"font-family: comic sans ms, sans-serif; color: #003366;\">Frau Liesch<br \/>\n<\/span><\/h3>\n<h3>&nbsp;<\/h3>\n<h3><span style=\"font-family: comic sans ms, sans-serif; color: #003366;\">Die Betreuung der Kinder, au\u00dferhalb der verl\u00e4sslichen Grundschulzeit, wird in M\u00fchlheim von der Gemeinde organisiert.<\/span><br \/>\n<span style=\"font-family: comic sans ms, sans-serif; color: #003366;\">Wenn Sie hierzu Fragen haben, sprechen Sie mit Frau W\u00f6hrle der Leiterin unserer Betreuung oder Frau Feger, sie ist die Ansprechpartnerin der Gemeinde.<\/span><\/h3>\n<h2>&nbsp;<\/h2>\n<h2><a href=\"https:\/\/lippachtalschule.de\/?page_id=2037\"><span style=\"font-family: comic sans ms, sans-serif; font-size: 18pt; color: #003366;\">Hier finden Sie den aktuellen Flyer (beide Seiten ausdrucken)<\/span><\/a><\/h2>\n<h5><span style=\"font-size: 36px;\">&nbsp;<\/span><\/h5>\n<p><strong>&nbsp;<\/strong><\/p>\n<p>&nbsp;<\/p>\n","protected":false},"excerpt":{"rendered":"<p>Leitung der Grundschulbetreuung Frau W\u00f6hrle 0152 56331040&nbsp; (w\u00e4hrend der Betreuungszeiten) oder betreuung@gsmuehlheim.de Team Frau Neitzel Frau Liesch &nbsp; Die Betreuung der Kinder, au\u00dferhalb der verl\u00e4sslichen Grundschulzeit, wird in M\u00fchlheim von der Gemeinde organisiert. Wenn Sie hierzu Fragen haben, sprechen Sie mit Frau W\u00f6hrle der Leiterin unserer Betreuung oder Frau Feger, sie ist die Ansprechpartnerin der [&hellip;]<\/p>\n","protected":false},"author":1,"featured_media":0,"parent":0,"menu_order":0,"comment_status":"closed","ping_status":"closed","template":"","meta":{"ngg_post_thumbnail":0,"ocean_post_layout":"","ocean_both_sidebars_style":"","ocean_both_sidebars_content_width":0,"ocean_both_sidebars_sidebars_width":0,"ocean_sidebar":"0","ocean_second_sidebar":"0","ocean_disable_margins":"enable","ocean_add_body_class":"","ocean_shortcode_before_top_bar":"","ocean_shortcode_after_top_bar":"","ocean_shortcode_before_header":"","ocean_shortcode_after_header":"","ocean_has_shortcode":"","ocean_shortcode_after_title":"","ocean_shortcode_before_footer_widgets":"","ocean_shortcode_after_footer_widgets":"","ocean_shortcode_before_footer_bottom":"","ocean_shortcode_after_footer_bottom":"","ocean_display_top_bar":"default","ocean_display_header":"default","ocean_header_style":"","ocean_center_header_left_menu":"0","ocean_custom_header_template":"0","ocean_custom_logo":0,"ocean_custom_retina_logo":0,"ocean_custom_logo_max_width":0,"ocean_custom_logo_tablet_max_width":0,"ocean_custom_logo_mobile_max_width":0,"ocean_custom_logo_max_height":0,"ocean_custom_logo_tablet_max_height":0,"ocean_custom_logo_mobile_max_height":0,"ocean_header_custom_menu":"0","ocean_menu_typo_font_family":"0","ocean_menu_typo_font_subset":"","ocean_menu_typo_font_size":0,"ocean_menu_typo_font_size_tablet":0,"ocean_menu_typo_font_size_mobile":0,"ocean_menu_typo_font_size_unit":"px","ocean_menu_typo_font_weight":"","ocean_menu_typo_font_weight_tablet":"","ocean_menu_typo_font_weight_mobile":"","ocean_menu_typo_transform":"","ocean_menu_typo_transform_tablet":"","ocean_menu_typo_transform_mobile":"","ocean_menu_typo_line_height":0,"ocean_menu_typo_line_height_tablet":0,"ocean_menu_typo_line_height_mobile":0,"ocean_menu_typo_line_height_unit":"","ocean_menu_typo_spacing":0,"ocean_menu_typo_spacing_tablet":0,"ocean_menu_typo_spacing_mobile":0,"ocean_menu_typo_spacing_unit":"","ocean_menu_link_color":"","ocean_menu_link_color_hover":"","ocean_menu_link_color_active":"","ocean_menu_link_background":"","ocean_menu_link_hover_background":"","ocean_menu_link_active_background":"","ocean_menu_social_links_bg":"","ocean_menu_social_hover_links_bg":"","ocean_menu_social_links_color":"","ocean_menu_social_hover_links_color":"","ocean_disable_title":"default","ocean_disable_heading":"default","ocean_post_title":"","ocean_post_subheading":"","ocean_post_title_style":"","ocean_post_title_background_color":"","ocean_post_title_background":0,"ocean_post_title_bg_image_position":"","ocean_post_title_bg_image_attachment":"","ocean_post_title_bg_image_repeat":"","ocean_post_title_bg_image_size":"","ocean_post_title_height":0,"ocean_post_title_bg_overlay":0.5,"ocean_post_title_bg_overlay_color":"","ocean_disable_breadcrumbs":"default","ocean_breadcrumbs_color":"","ocean_breadcrumbs_separator_color":"","ocean_breadcrumbs_links_color":"","ocean_breadcrumbs_links_hover_color":"","ocean_display_footer_widgets":"default","ocean_display_footer_bottom":"default","ocean_custom_footer_template":"0","footnotes":""},"class_list":["post-91","page","type-page","status-publish","hentry","entry"],"_links":{"self":[{"href":"https:\/\/lippachtalschule.de\/index.php?rest_route=\/wp\/v2\/pages\/91","targetHints":{"allow":["GET"]}}],"collection":[{"href":"https:\/\/lippachtalschule.de\/index.php?rest_route=\/wp\/v2\/pages"}],"about":[{"href":"https:\/\/lippachtalschule.de\/index.php?rest_route=\/wp\/v2\/types\/page"}],"author":[{"embeddable":true,"href":"https:\/\/lippachtalschule.de\/index.php?rest_route=\/wp\/v2\/users\/1"}],"replies":[{"embeddable":true,"href":"https:\/\/lippachtalschule.de\/index.php?rest_route=%2Fwp%2Fv2%2Fcomments&post=91"}],"version-history":[{"count":15,"href":"https:\/\/lippachtalschule.de\/index.php?rest_route=\/wp\/v2\/pages\/91\/revisions"}],"predecessor-version":[{"id":2965,"href":"https:\/\/lippachtalschule.de\/index.php?rest_route=\/wp\/v2\/pages\/91\/revisions\/2965"}],"wp:attachment":[{"href":"https:\/\/lippachtalschule.de\/index.php?rest_route=%2Fwp%2Fv2%2Fmedia&parent=91"}],"curies":[{"name":"wp","href":"https:\/\/api.w.org\/{rel}","templated":true}]}}