{"id":58,"date":"2020-03-16T16:56:42","date_gmt":"2020-03-16T16:56:42","guid":{"rendered":"http:\/\/gsmuehlheim.de\/?page_id=58"},"modified":"2023-09-11T09:45:18","modified_gmt":"2023-09-11T09:45:18","slug":"eltern","status":"publish","type":"page","link":"https:\/\/lippachtalschule.de\/?page_id=58","title":{"rendered":"Eltern"},"content":{"rendered":"<hr>\n<hr>\n<div><span style=\"color: #000080; font-family: comic sans ms, sans-serif;\"><span style=\"font-size: 18pt;\">\u201eNi<\/span><span style=\"font-size: 18pt;\">mm dein Kind bei der Hand und f\u00fchre es in die gro\u00dfartigen Szenerien der Natur. Lehre es auf dem Berg und im Tal. So wird es besser auf deine Lehre h\u00f6ren.<br \/>\nDie Freiheit wird ihm mehr Kraft geben, Schwierigkeiten zu \u00fcberwinden. Aber in diesen Stunden der Freiheit sollte es eher die Natur sein, die lehrt als Sie. Wage es nicht, dich f\u00fcr das Vergn\u00fcgen des Erfolgs in deinem Unterricht durchzusetzen; oder im geringsten zu w\u00fcnschen, fortzufahren, wenn die Natur es ablenkt; nimm nicht das geringste Vergn\u00fcgen weg, das sie ihm bietet. Lassen Sie es vollst\u00e4ndig erkennen, dass es die Natur ist, die lehrt, und dass Sie mit Ihrer Kunst nichts weiter tun, als leise an deren Seite zu gehen. Wenn es ein Vogelgezwitscher oder ein Insektenbrummen auf einem Blatt h\u00f6rt, h\u00f6ren Sie auf zu reden. jetzt lehrt der Vogel und das Insekt; Ihre Sache ist, nun zu schweigen.\u201c <\/span><\/span><\/div>\n<div style=\"text-align: right;\"><span style=\"font-family: comic sans ms, sans-serif; font-size: 12pt; color: #000080;\">Johann Heinrich Pestalozzi<\/span><\/div>\n<p>&nbsp;<\/p>\n<p><span style=\"font-size: 18pt; font-family: comic sans ms, sans-serif; color: #000080;\">Herzliche Gr\u00fc\u00dfe<\/span><br \/>\n<span style=\"font-size: 18pt; font-family: comic sans ms, sans-serif; color: #000080;\">W. Martin<\/span><\/p>\n<p>&nbsp;<\/p>\n<p>&nbsp;<\/p>\n<hr>\n<p>&nbsp;<\/p>\n","protected":false},"excerpt":{"rendered":"<p>\u201eNimm dein Kind bei der Hand und f\u00fchre es in die gro\u00dfartigen Szenerien der Natur. Lehre es auf dem Berg und im Tal. So wird es besser auf deine Lehre h\u00f6ren. Die Freiheit wird ihm mehr Kraft geben, Schwierigkeiten zu \u00fcberwinden. Aber in diesen Stunden der Freiheit sollte es eher die Natur sein, die lehrt [&hellip;]<\/p>\n","protected":false},"author":1,"featured_media":0,"parent":0,"menu_order":0,"comment_status":"closed","ping_status":"closed","template":"","meta":{"ngg_post_thumbnail":0,"ocean_post_layout":"","ocean_both_sidebars_style":"","ocean_both_sidebars_content_width":0,"ocean_both_sidebars_sidebars_width":0,"ocean_sidebar":"0","ocean_second_sidebar":"0","ocean_disable_margins":"enable","ocean_add_body_class":"","ocean_shortcode_before_top_bar":"","ocean_shortcode_after_top_bar":"","ocean_shortcode_before_header":"","ocean_shortcode_after_header":"","ocean_has_shortcode":"","ocean_shortcode_after_title":"","ocean_shortcode_before_footer_widgets":"","ocean_shortcode_after_footer_widgets":"","ocean_shortcode_before_footer_bottom":"","ocean_shortcode_after_footer_bottom":"","ocean_display_top_bar":"default","ocean_display_header":"default","ocean_header_style":"","ocean_center_header_left_menu":"0","ocean_custom_header_template":"0","ocean_custom_logo":0,"ocean_custom_retina_logo":0,"ocean_custom_logo_max_width":0,"ocean_custom_logo_tablet_max_width":0,"ocean_custom_logo_mobile_max_width":0,"ocean_custom_logo_max_height":0,"ocean_custom_logo_tablet_max_height":0,"ocean_custom_logo_mobile_max_height":0,"ocean_header_custom_menu":"0","ocean_menu_typo_font_family":"0","ocean_menu_typo_font_subset":"","ocean_menu_typo_font_size":0,"ocean_menu_typo_font_size_tablet":0,"ocean_menu_typo_font_size_mobile":0,"ocean_menu_typo_font_size_unit":"px","ocean_menu_typo_font_weight":"","ocean_menu_typo_font_weight_tablet":"","ocean_menu_typo_font_weight_mobile":"","ocean_menu_typo_transform":"","ocean_menu_typo_transform_tablet":"","ocean_menu_typo_transform_mobile":"","ocean_menu_typo_line_height":0,"ocean_menu_typo_line_height_tablet":0,"ocean_menu_typo_line_height_mobile":0,"ocean_menu_typo_line_height_unit":"","ocean_menu_typo_spacing":0,"ocean_menu_typo_spacing_tablet":0,"ocean_menu_typo_spacing_mobile":0,"ocean_menu_typo_spacing_unit":"","ocean_menu_link_color":"","ocean_menu_link_color_hover":"","ocean_menu_link_color_active":"","ocean_menu_link_background":"","ocean_menu_link_hover_background":"","ocean_menu_link_active_background":"","ocean_menu_social_links_bg":"","ocean_menu_social_hover_links_bg":"","ocean_menu_social_links_color":"","ocean_menu_social_hover_links_color":"","ocean_disable_title":"default","ocean_disable_heading":"default","ocean_post_title":"","ocean_post_subheading":"","ocean_post_title_style":"","ocean_post_title_background_color":"","ocean_post_title_background":0,"ocean_post_title_bg_image_position":"","ocean_post_title_bg_image_attachment":"","ocean_post_title_bg_image_repeat":"","ocean_post_title_bg_image_size":"","ocean_post_title_height":0,"ocean_post_title_bg_overlay":0.5,"ocean_post_title_bg_overlay_color":"","ocean_disable_breadcrumbs":"default","ocean_breadcrumbs_color":"","ocean_breadcrumbs_separator_color":"","ocean_breadcrumbs_links_color":"","ocean_breadcrumbs_links_hover_color":"","ocean_display_footer_widgets":"default","ocean_display_footer_bottom":"default","ocean_custom_footer_template":"0","footnotes":""},"class_list":["post-58","page","type-page","status-publish","hentry","entry"],"_links":{"self":[{"href":"https:\/\/lippachtalschule.de\/index.php?rest_route=\/wp\/v2\/pages\/58","targetHints":{"allow":["GET"]}}],"collection":[{"href":"https:\/\/lippachtalschule.de\/index.php?rest_route=\/wp\/v2\/pages"}],"about":[{"href":"https:\/\/lippachtalschule.de\/index.php?rest_route=\/wp\/v2\/types\/page"}],"author":[{"embeddable":true,"href":"https:\/\/lippachtalschule.de\/index.php?rest_route=\/wp\/v2\/users\/1"}],"replies":[{"embeddable":true,"href":"https:\/\/lippachtalschule.de\/index.php?rest_route=%2Fwp%2Fv2%2Fcomments&post=58"}],"version-history":[{"count":54,"href":"https:\/\/lippachtalschule.de\/index.php?rest_route=\/wp\/v2\/pages\/58\/revisions"}],"predecessor-version":[{"id":2678,"href":"https:\/\/lippachtalschule.de\/index.php?rest_route=\/wp\/v2\/pages\/58\/revisions\/2678"}],"wp:attachment":[{"href":"https:\/\/lippachtalschule.de\/index.php?rest_route=%2Fwp%2Fv2%2Fmedia&parent=58"}],"curies":[{"name":"wp","href":"https:\/\/api.w.org\/{rel}","templated":true}]}}