{"id":518,"date":"2020-03-21T05:08:23","date_gmt":"2020-03-21T05:08:23","guid":{"rendered":"http:\/\/gsmuehlheim.de\/?page_id=518"},"modified":"2025-05-28T07:49:11","modified_gmt":"2025-05-28T07:49:11","slug":"links","status":"publish","type":"page","link":"https:\/\/lippachtalschule.de\/?page_id=518","title":{"rendered":"Links"},"content":{"rendered":"<p><span style=\"font-size: 18px;\">Hier findet ihr die LINKS zu den Onlineportalen mit denen wir in der Schule arbeiten.<\/span><br \/>\n<span style=\"font-size: 18px;\">In der Regel passt das Antolin Passwort und der Benutzername bei allen Onlineportalen.<\/span><\/p>\n<p><strong><span style=\"font-size: 18px;\">Deshalb bitte NIE die Kennw\u00f6rter bzw. Benutzernamen \u00e4ndern.<\/span><\/strong><\/p>\n<p><strong><span style=\"font-size: 18px;\"><a style=\"color: #ff6600;\" href=\"https:\/\/alfons.westermann.de\/alfons\/#\/information\">Alfons&nbsp;<\/a> &nbsp; &nbsp;&nbsp; Englisch f\u00fcr Klassen 3 und 4<\/span><\/strong><\/p>\n<hr>\n<p><strong><span style=\"font-size: 18px;\"><a style=\"color: #ff0000;\" href=\"https:\/\/antolin.westermann.de\/\">Antolin<\/a> &nbsp;&nbsp;&nbsp;&nbsp; Lesetraining von Klasse 1 &#8211; 4<\/span><\/strong><\/p>\n<hr>\n<p><strong><span style=\"font-size: 18px;\"><a style=\"color: #ff0000;\" href=\"https:\/\/anton.app\/de\/\">Anton<\/a>Training aller Inhalte der Klassen 1 &#8211; 4<\/span><\/strong><\/p>\n<hr>\n<p><strong><span style=\"font-size: 18px;\"><a style=\"color: #ff0000;\" href=\"https:\/\/grundschuldiagnose.westermann.de\/\">Krokodil<\/a>&nbsp; Onlinediagnosen, diese&nbsp; werden von Lehrern zu bestimmten Zeiten&nbsp;&nbsp; aktiviert, hier\u00fcber werden Sie informiert.<\/span><\/strong><\/p>\n<hr>\n<p><strong><span style=\"font-size: 18px;\"><a style=\"color: #ff0000;\" href=\"https:\/\/04152341.moodle.belwue.de\/moodle\/blocks\/exa2fa\/login\/\">Lernplattform Moodle<\/a>&nbsp;&nbsp;&nbsp;&nbsp;&nbsp;&nbsp; Onlineplattform der Schule,&nbsp; hierzu sp\u00e4ter weitere Informationen<\/span><\/strong><\/p>\n<hr>\n<p><strong><span style=\"font-size: 18px;\">&nbsp;Hier findet ihr sch\u00f6nen H\u00f6rspiele und anderen Dingen f\u00fcr die Ohren, extra f\u00fcr Kinder.&nbsp;<\/span><\/strong><\/p>\n<p><strong><span style=\"font-size: 18px;\"><a style=\"color: #000080;\" href=\"https:\/\/www.ohrka.de\/\">Ohrka.de<\/a><br \/>\nHier eine tolle Seite, die Frau Kempf gefunden hat.<\/span><\/strong><\/p>\n<hr>\n<p><strong><span style=\"font-size: 18px;\">Allerlei Wissenswertes f\u00fcr Kinder<\/span><\/strong><\/p>\n<p><strong><span style=\"font-size: 18px;\"><a style=\"color: #000080;\" href=\"https:\/\/www.blinde-kuh.de\/smart-index.html\">Blinde Kuh<\/a><\/span><\/strong><\/p>\n<hr>\n<h1>Liebe Eltern, wir werden nur Links setzen, von denen wir annehmen, dass Sie p\u00e4dagogisch wertvoll und von seri\u00f6sen Seiten sind.<br \/>\nWir haben aber auf die die Inhalte der externen Seiten keinen Einfluss. Deshalb k\u00f6nnen wir f\u00fcr diese fremden Inhalte auch keine Gew\u00e4hr \u00fcbernehmen. F\u00fcr die Inhalte der verlinkten Seiten ist stets der jeweilige Anbieter oder Betreiber der Seiten verantwortlich. Die verlinkten Seiten wurden zum Zeitpunkt der Verlinkung auf m\u00f6gliche Rechtsverst\u00f6\u00dfe \u00fcberpr\u00fcft. Rechtswidrige Inhalte waren zum Zeitpunkt der Verlinkung nicht erkennbar.<\/h1>\n<h1>Eine permanente inhaltliche Kontrolle der verlinkten Seiten ist jedoch ohne konkrete Anhaltspunkte einer Rechtsverletzung nicht zumutbar. Bei Bekanntwerden von Rechtsverletzungen werden wir derartige Links umgehend entfernen.<\/h1>\n<style>\/*! elementor - v3.14.0 - 18-06-2023 *\/<br \/>.elementor-widget-divider{--divider-border-style:none;--divider-border-width:1px;--divider-color:#0c0d0e;--divider-icon-size:20px;--divider-element-spacing:10px;--divider-pattern-height:24px;--divider-pattern-size:20px;--divider-pattern-url:none;--divider-pattern-repeat:repeat-x}.elementor-widget-divider .elementor-divider{display:flex}.elementor-widget-divider .elementor-divider__text{font-size:15px;line-height:1;max-width:95%}.elementor-widget-divider .elementor-divider__element{margin:0 var(--divider-element-spacing);flex-shrink:0}.elementor-widget-divider .elementor-icon{font-size:var(--divider-icon-size)}.elementor-widget-divider .elementor-divider-separator{display:flex;margin:0;direction:ltr}.elementor-widget-divider--view-line_icon .elementor-divider-separator,.elementor-widget-divider--view-line_text .elementor-divider-separator{align-items:center}.elementor-widget-divider--view-line_icon .elementor-divider-separator:after,.elementor-widget-divider--view-line_icon .elementor-divider-separator:before,.elementor-widget-divider--view-line_text .elementor-divider-separator:after,.elementor-widget-divider--view-line_text .elementor-divider-separator:before{display:block;content:\"\";border-bottom:0;flex-grow:1;border-top:var(--divider-border-width) var(--divider-border-style) var(--divider-color)}.elementor-widget-divider--element-align-left .elementor-divider .elementor-divider-separator>.elementor-divider__svg:first-of-type{flex-grow:0;flex-shrink:100}.elementor-widget-divider--element-align-left .elementor-divider-separator:before{content:none}.elementor-widget-divider--element-align-left .elementor-divider__element{margin-left:0}.elementor-widget-divider--element-align-right .elementor-divider .elementor-divider-separator>.elementor-divider__svg:last-of-type{flex-grow:0;flex-shrink:100}.elementor-widget-divider--element-align-right .elementor-divider-separator:after{content:none}.elementor-widget-divider--element-align-right .elementor-divider__element{margin-right:0}.elementor-widget-divider:not(.elementor-widget-divider--view-line_text):not(.elementor-widget-divider--view-line_icon) .elementor-divider-separator{border-top:var(--divider-border-width) var(--divider-border-style) var(--divider-color)}.elementor-widget-divider--separator-type-pattern{--divider-border-style:none}.elementor-widget-divider--separator-type-pattern.elementor-widget-divider--view-line .elementor-divider-separator,.elementor-widget-divider--separator-type-pattern:not(.elementor-widget-divider--view-line) .elementor-divider-separator:after,.elementor-widget-divider--separator-type-pattern:not(.elementor-widget-divider--view-line) .elementor-divider-separator:before,.elementor-widget-divider--separator-type-pattern:not([class*=elementor-widget-divider--view]) .elementor-divider-separator{width:100%;min-height:var(--divider-pattern-height);-webkit-mask-size:var(--divider-pattern-size) 100%;mask-size:var(--divider-pattern-size) 100%;-webkit-mask-repeat:var(--divider-pattern-repeat);mask-repeat:var(--divider-pattern-repeat);background-color:var(--divider-color);-webkit-mask-image:var(--divider-pattern-url);mask-image:var(--divider-pattern-url)}.elementor-widget-divider--no-spacing{--divider-pattern-size:auto}.elementor-widget-divider--bg-round{--divider-pattern-repeat:round}.rtl .elementor-widget-divider .elementor-divider__text{direction:rtl}.e-con-inner>.elementor-widget-divider,.e-con>.elementor-widget-divider{width:var(--container-widget-width,100%);--flex-grow:var(--container-widget-flex-grow)}<\/style>\n","protected":false},"excerpt":{"rendered":"<p>Hier findet ihr die LINKS zu den Onlineportalen mit denen wir in der Schule arbeiten. In der Regel passt das Antolin Passwort und der Benutzername bei allen Onlineportalen. Deshalb bitte NIE die Kennw\u00f6rter bzw. Benutzernamen \u00e4ndern. Alfons&nbsp; &nbsp; &nbsp;&nbsp; Englisch f\u00fcr Klassen 3 und 4 Antolin &nbsp;&nbsp;&nbsp;&nbsp; Lesetraining von Klasse 1 &#8211; 4 AntonTraining aller [&hellip;]<\/p>\n","protected":false},"author":1,"featured_media":0,"parent":0,"menu_order":0,"comment_status":"closed","ping_status":"closed","template":"","meta":{"ngg_post_thumbnail":0,"ocean_post_layout":"","ocean_both_sidebars_style":"","ocean_both_sidebars_content_width":0,"ocean_both_sidebars_sidebars_width":0,"ocean_sidebar":"0","ocean_second_sidebar":"0","ocean_disable_margins":"enable","ocean_add_body_class":"","ocean_shortcode_before_top_bar":"","ocean_shortcode_after_top_bar":"","ocean_shortcode_before_header":"","ocean_shortcode_after_header":"","ocean_has_shortcode":"","ocean_shortcode_after_title":"","ocean_shortcode_before_footer_widgets":"","ocean_shortcode_after_footer_widgets":"","ocean_shortcode_before_footer_bottom":"","ocean_shortcode_after_footer_bottom":"","ocean_display_top_bar":"default","ocean_display_header":"default","ocean_header_style":"","ocean_center_header_left_menu":"0","ocean_custom_header_template":"0","ocean_custom_logo":0,"ocean_custom_retina_logo":0,"ocean_custom_logo_max_width":0,"ocean_custom_logo_tablet_max_width":0,"ocean_custom_logo_mobile_max_width":0,"ocean_custom_logo_max_height":0,"ocean_custom_logo_tablet_max_height":0,"ocean_custom_logo_mobile_max_height":0,"ocean_header_custom_menu":"0","ocean_menu_typo_font_family":"0","ocean_menu_typo_font_subset":"","ocean_menu_typo_font_size":0,"ocean_menu_typo_font_size_tablet":0,"ocean_menu_typo_font_size_mobile":0,"ocean_menu_typo_font_size_unit":"px","ocean_menu_typo_font_weight":"","ocean_menu_typo_font_weight_tablet":"","ocean_menu_typo_font_weight_mobile":"","ocean_menu_typo_transform":"","ocean_menu_typo_transform_tablet":"","ocean_menu_typo_transform_mobile":"","ocean_menu_typo_line_height":0,"ocean_menu_typo_line_height_tablet":0,"ocean_menu_typo_line_height_mobile":0,"ocean_menu_typo_line_height_unit":"","ocean_menu_typo_spacing":0,"ocean_menu_typo_spacing_tablet":0,"ocean_menu_typo_spacing_mobile":0,"ocean_menu_typo_spacing_unit":"","ocean_menu_link_color":"","ocean_menu_link_color_hover":"","ocean_menu_link_color_active":"","ocean_menu_link_background":"","ocean_menu_link_hover_background":"","ocean_menu_link_active_background":"","ocean_menu_social_links_bg":"","ocean_menu_social_hover_links_bg":"","ocean_menu_social_links_color":"","ocean_menu_social_hover_links_color":"","ocean_disable_title":"default","ocean_disable_heading":"default","ocean_post_title":"","ocean_post_subheading":"","ocean_post_title_style":"","ocean_post_title_background_color":"","ocean_post_title_background":0,"ocean_post_title_bg_image_position":"","ocean_post_title_bg_image_attachment":"","ocean_post_title_bg_image_repeat":"","ocean_post_title_bg_image_size":"","ocean_post_title_height":0,"ocean_post_title_bg_overlay":0.5,"ocean_post_title_bg_overlay_color":"","ocean_disable_breadcrumbs":"default","ocean_breadcrumbs_color":"","ocean_breadcrumbs_separator_color":"","ocean_breadcrumbs_links_color":"","ocean_breadcrumbs_links_hover_color":"","ocean_display_footer_widgets":"default","ocean_display_footer_bottom":"default","ocean_custom_footer_template":"0","footnotes":""},"class_list":["post-518","page","type-page","status-publish","hentry","entry"],"_links":{"self":[{"href":"https:\/\/lippachtalschule.de\/index.php?rest_route=\/wp\/v2\/pages\/518","targetHints":{"allow":["GET"]}}],"collection":[{"href":"https:\/\/lippachtalschule.de\/index.php?rest_route=\/wp\/v2\/pages"}],"about":[{"href":"https:\/\/lippachtalschule.de\/index.php?rest_route=\/wp\/v2\/types\/page"}],"author":[{"embeddable":true,"href":"https:\/\/lippachtalschule.de\/index.php?rest_route=\/wp\/v2\/users\/1"}],"replies":[{"embeddable":true,"href":"https:\/\/lippachtalschule.de\/index.php?rest_route=%2Fwp%2Fv2%2Fcomments&post=518"}],"version-history":[{"count":43,"href":"https:\/\/lippachtalschule.de\/index.php?rest_route=\/wp\/v2\/pages\/518\/revisions"}],"predecessor-version":[{"id":2924,"href":"https:\/\/lippachtalschule.de\/index.php?rest_route=\/wp\/v2\/pages\/518\/revisions\/2924"}],"wp:attachment":[{"href":"https:\/\/lippachtalschule.de\/index.php?rest_route=%2Fwp%2Fv2%2Fmedia&parent=518"}],"curies":[{"name":"wp","href":"https:\/\/api.w.org\/{rel}","templated":true}]}}