{"id":2917,"date":"2025-05-28T07:42:57","date_gmt":"2025-05-28T07:42:57","guid":{"rendered":"https:\/\/lippachtalschule.de\/?page_id=2917"},"modified":"2025-05-28T12:05:01","modified_gmt":"2025-05-28T12:05:01","slug":"barierefreiheit","status":"publish","type":"page","link":"https:\/\/lippachtalschule.de\/?page_id=2917","title":{"rendered":"Barrierefreiheit"},"content":{"rendered":"<div class=\"contentelement\">\n<div class=\"contentelement\">\n<h3 id=\"c4183\" class=\"uid-4183 frame-title\"><span style=\"font-size: 20px;\">Barrierefreiheit<\/span><\/h3>\n<div class=\" csc-textpic csc-textpic-intext-right csc-textpic-border \">\n<div class=\"csc-textpic-text\">\n<p><span style=\"font-size: 20px;\">Diese Erkl\u00e4rung zur digitalen Barrierefreiheit gilt f\u00fcr die unter der Domain&nbsp;<a class=\"internal-link\" href=\"https:\/\/lippachtalschule.de\/\"><i class=\"icon_internal_link\"><\/i>www.lippachtalschule.de<\/a> ver\u00f6ffentlichten Website der Grundschule M\u00fchlheim Donau. Als \u00f6ffentliche Stelle im Sinne der Richtlinie (EU) 2016\/2102 sind wir bem\u00fcht, unsere Websites und mobilen Anwendungen (Apps) im Einklang mit den Bestimmungen in Einklang mit \u00a7 10 Absatz 1 des Landes-Behindertengleichstellungsgesetzes (L-BGG) barrierefrei zug\u00e4nglich zu machen.<\/span><\/p>\n<\/div>\n<\/div>\n<\/div>\n<\/div>\n<div class=\"contentelement\">\n<div class=\"contentelement\">\n<h3 id=\"c4182\" class=\"uid-4182 frame-title\"><span style=\"font-size: 20px;\">Stand der Vereinbarkeit mit den Anforderungen<\/span><\/h3>\n<div class=\" csc-textpic csc-textpic-intext-right csc-textpic-border \">\n<div class=\"csc-textpic-text\">\n<p><span style=\"font-size: 20px;\">Die Anforderungen der Barrierefreiheit ergeben sich aus \u00a7\u00a7 3 Abs\u00e4tze 1 bis 4 und 4 der BITV 2.0, die auf der Grundlage von \u00a7 12d BGG erlassen wurde. Die \u00dcberpr\u00fcfung der Einhaltung der Anforderungen beruht auf<\/span><\/p>\n<ul>\n<li><span style=\"font-size: 20px;\">einer am 25.05.2025 durchgef\u00fchrten Selbstbewertung<\/span><\/li>\n<\/ul>\n<p>&nbsp;<\/p>\n<\/div>\n<\/div>\n<\/div>\n<\/div>\n<div class=\"contentelement\">\n<div class=\"contentelement\">\n<h3 id=\"c4181\" class=\"uid-4181 frame-title\"><span style=\"font-size: 20px;\">Nicht barrierefreie Inhalte<\/span><\/h3>\n<div class=\" csc-textpic csc-textpic-intext-right csc-textpic-border \">\n<div class=\"csc-textpic-text\">\n<p><span style=\"font-size: 20px;\">Aufgrund der \u00dcberpr\u00fcfung ist die Website mit den zuvor genannten Anforderungen wegen der folgenden Unvereinbarkeiten und Ausnahmen teilweise vereinbar.<\/span><\/p>\n<\/div>\n<\/div>\n<\/div>\n<\/div>\n<div class=\"contentelement\">\n<div class=\"contentelement\">\n<h3 id=\"c4180\" class=\"uid-4180 frame-title\"><span style=\"font-size: 20px;\">Unvereinbarkeit mit der BITV 2.0<\/span><\/h3>\n<div class=\" csc-textpic csc-textpic-intext-right csc-textpic-border \">\n<div class=\"csc-textpic-text\">\n<p><span style=\"font-size: 20px;\">Die nachstehend aufgef\u00fchrten Inhalte sind unvereinbar mit \u00a7 10 Absatz 1 L-BGG und aus folgenden Gr\u00fcnden nicht barrierefrei:<\/span><\/p>\n<p><span style=\"font-size: 20px;\"><strong>Bilder und Infografiken ohne genug Texte:<\/strong><\/span><\/p>\n<ol>\n<li><span style=\"font-size: 20px;\">Beschreibung: Einige Bilder und Infografiken sind unzureichend durch Textbeschreibungen erg\u00e4nzt. Die Grafiken befinden sich auf folgenden Seiten (inklusive der Unterseiten):<\/span>\n<ol>\n<li><span style=\"font-size: 20px;\"><a href=\"https:\/\/lippachtalschule.de\/?page_id=2793\">Aktuelle Berichte<\/a><\/span><\/li>\n<li><span style=\"font-size: 20px;\"><a class=\"internal-link\" href=\"https:\/\/lippachtalschule.de\/?page_id=2204\">Archiv Berichte<\/a><\/span><\/li>\n<li><span style=\"font-size: 20px;\"><a class=\"internal-link\" href=\"https:\/\/lippachtalschule.de\/?page_id=55\">Kontakt &#8211; Team<\/a><\/span><\/li>\n<li><span style=\"font-size: 20px;\"><a class=\"internal-link\" href=\"https:\/\/lippachtalschule.de\/?page_id=58\">Eltern<\/a><\/span><\/li>\n<li><span style=\"font-size: 20px;\"><a class=\"internal-link\" href=\"https:\/\/lippachtalschule.de\/?page_id=1964\">Profil<\/a><\/span><\/li>\n<\/ol>\n<\/li>\n<li><span style=\"font-size: 20px;\">Ma\u00dfnahmen:&nbsp;Die zust\u00e4ndigen Mitarbeiter werden die Bilder und Infografiken nach und nach \u00fcberpr\u00fcfen und die dazugeh\u00f6rigen Textpassagen um die fehlenden Informationen erg\u00e4nzen, sowie die Titel und Alternativtexte der Bilder \u00fcberpr\u00fcfen.<\/span><\/li>\n<\/ol>\n<p>&nbsp;<\/p>\n<\/div>\n<\/div>\n<\/div>\n<\/div>\n<div class=\"contentelement\">\n<div class=\"contentelement\">\n<h3 id=\"c4179\" class=\"uid-4179 frame-title\"><span style=\"font-size: 20px;\">Unverh\u00e4ltnism\u00e4\u00dfige Belastung<\/span><\/h3>\n<div class=\" csc-textpic csc-textpic-intext-right csc-textpic-border \">\n<div class=\"csc-textpic-text\">\n<p><span style=\"font-size: 20px;\">Die nachfolgenden Teilbereiche sind nicht barrierefrei gestaltet, da es eine unverh\u00e4ltnism\u00e4\u00dfige Belastung gem\u00e4\u00df \u00a7 10 Absatz 2 L-BGG darstellen w\u00fcrde.<\/span><\/p>\n<p><span style=\"font-size: 20px;\">1. Teilbereich:<\/span><\/p>\n<ul>\n<li><span style=\"font-size: 20px;\">a. Beschreibung: Die auf der Website hinterlegten PDF oder Word-Dokumente sind teilweise nicht vollst\u00e4ndig barrierefrei zug\u00e4nglich.<\/span><\/li>\n<li><span style=\"font-size: 20px;\">b. Ausf\u00fchrung, warum unverh\u00e4ltnism\u00e4\u00dfige Belastung vorliegt: Die Grundschule M\u00fchlheim Donau kann keine Mitarbeiterkapazit\u00e4t vorweisen um eine Schulung zum Thema &#8222;Barrierefreie PDF-Dateien und Dokumente&#8220;, sowie die anschlie\u00dfende aufw\u00e4ndige \u00dcberarbeitung der Dateien mit Sonderprogrammen zu \u00fcbernehmen, die dem Umfang der Webseite entspricht. Zudem werden der Grundschule&nbsp; Lippachtalschule auch PDF-Dokumente von Dritten \u00fcbermittelt. Diese k\u00f6nnen nat\u00fcrlich grunds\u00e4tzlich nicht von der Schule \u00fcberarbeitet werden. Die Schule ist dennoch bem\u00fcht die Informationen in Bezug auf die digitale Barrierefreiheit fortlaufend weiter zu verbessern.<\/span><\/li>\n<\/ul>\n<p><span style=\"font-size: 20px;\">2. Teilbereich:<\/span><\/p>\n<ul>\n<li><span style=\"font-size: 20px;\">a. Beschreibung:&nbsp;Aktuell fehlen noch die gesetzlich vorgeschriebenen Informationen in leichter Sprache und Geb\u00e4rdensprache.<\/span><\/li>\n<li><span style=\"font-size: 20px;\">b. Ausf\u00fchrung, warum unverh\u00e4ltnism\u00e4\u00dfige Belastung vorliegt: In der aktuellen Situation kann die Grundschule M\u00fchlheim Donau bei diesem Thema noch nicht t\u00e4tig werden da ein hoher Kostenaufwand anf\u00e4llt.<\/span><br \/>\n<span style=\"font-size: 20px;\">Die Alternative ist die Abschaltung der Homepage, dies w\u00e4re aus unserer Sicht unverh\u00e4ltnism\u00e4\u00dfig.<\/span><\/li>\n<\/ul>\n<\/div>\n<\/div>\n<\/div>\n<\/div>\n<div class=\"contentelement\">\n<div class=\"contentelement\">\n<h3 id=\"c4178\" class=\"uid-4178 frame-title\"><span style=\"font-size: 20px;\">Datum der Erstellung der Erkl\u00e4rung zur Barrierefreiheit<\/span><\/h3>\n<div class=\" csc-textpic csc-textpic-intext-right csc-textpic-border \">\n<div class=\"csc-textpic-text\">\n<p><span style=\"font-size: 20px;\">Diese Erkl\u00e4rung wurde am 28.05.2025 erstellt.<\/span><\/p>\n<p>&nbsp;<\/p>\n<\/div>\n<\/div>\n<\/div>\n<\/div>\n<div class=\"contentelement\">\n<div class=\"contentelement\">\n<h3 id=\"c4177\" class=\"uid-4177 frame-title\"><span style=\"font-size: 20px;\">Ansprechpartner bei Anmerkungen und Fragen zur digitalen Barrierefreiheit<\/span><\/h3>\n<div class=\" csc-textpic csc-textpic-intext-right csc-textpic-border \">\n<div class=\"csc-textpic-text\">\n<p><span style=\"font-size: 20px;\">Sie m\u00f6chten uns bestehende Barrieren mitteilen oder Informationen zur Umsetzung der Barrierefreiheit erfragen? F\u00fcr Ihr Feedback sowie alle weiteren Informationen sprechen Sie unsere verantwortlichen Kontaktpersonen an.<\/span><\/p>\n<p><span style=\"font-size: 20px;\">Ansprechperson Barrierefreiheit der Grundschule M\u00fchlheim Donau<\/span><\/p>\n<p><span style=\"font-size: 20px;\">Herr Walther Martin<\/span><br \/>\n<span style=\"font-size: 20px;\">Schillerstra\u00dfe 16<\/span><br \/>\n<span style=\"font-size: 20px;\">78570 M\u00fchlheim \/ Donau<\/span><br \/>\n<span style=\"font-size: 20px;\"><a class=\"mail\" title=\"\u00d6ffnet ein Fenster zum Versenden der E-Mail\" href=\"https:\/\/home.gsflacht.de\/#\" data-mailto-token=\"ocknvq,uejwngBiuhncejv0fg\" data-mailto-vector=\"2\">schulleitung(@)gsmuehlheim.de<\/a><\/span><br \/>\n<span style=\"font-size: 20px;\"><span class=\"reader_icon\">Telefonnummer<\/span><span class=\"telefonnummer\">07463\/8626<\/span><\/span><\/p>\n<\/div>\n<\/div>\n<\/div>\n<\/div>\n<div class=\"contentelement\">\n<div class=\"contentelement\">\n<h3 id=\"c4176\" class=\"uid-4176 frame-title\"><span style=\"font-size: 20px;\">Schlichtungsverfahren<\/span><\/h3>\n<div class=\" csc-textpic csc-textpic-intext-right csc-textpic-border \">\n<div class=\"csc-textpic-text\">\n<p><span style=\"font-size: 20px;\">Wenn Sie der Meinung sind, dass diese Website nicht barrierefrei zug\u00e4nglich ist, k\u00f6nnen Sie unsere oben genannte Stelle oder Person dar\u00fcber informieren.<\/span><\/p>\n<p><span style=\"font-size: 20px;\">Falls wir Ihnen nicht oder nicht zufriedenstellend innerhalb von vier Wochen ab Zugang Ihrer Anfrage antworten, k\u00f6nnen Sie sich an die Schlichtungsstelle des Landeszentrums f\u00fcr Barrierefreiheit (LZ-BARR) wenden.<\/span><br \/>\n<span style=\"font-size: 20px;\">Die Schlichtungsstelle erreichen Sie wie folgt:<\/span><\/p>\n<p><span style=\"font-size: 20px;\"><strong>Landeszentrum Barrierefreiheit<\/strong><\/span><br \/>\n<span style=\"font-size: 20px;\">Schlichtungsstelle<\/span><br \/>\n<span style=\"font-size: 20px;\">Else-Josenhans-Stra\u00dfe 6<\/span><br \/>\n<span style=\"font-size: 20px;\">70173 Stuttgart<\/span><br \/>\n<span class=\"phonenumber\" style=\"font-size: 20px;\">0711 123 39375<\/span><br \/>\n<span style=\"font-size: 20px;\"><a class=\"mail\" title=\"\u00d6ffnet ein Fenster zum Versenden der E-Mail\" href=\"https:\/\/home.gsflacht.de\/#\" data-mailto-token=\"ocknvq,uejnkejvwpiBdcttkgtghtgkjgkv0dyn0fg\" data-mailto-vector=\"2\"><i class=\"icon_mail\" aria-hidden=\"true\"><\/i>schlichtung(@)barrierefreiheit.bwl.de<\/a><\/span><br \/>\n<span style=\"font-size: 20px;\"><a class=\"external-link-new-window\" title=\"\u00d6ffnet in neuem Fenster\" href=\"https:\/\/barrierefreiheit-bw.de\/\" target=\"_blank\" rel=\"noopener noreferrer\"><i class=\"icon_external_link\" aria-hidden=\"true\"><\/i>https:\/\/barrierefreiheit-bw.de\/<\/a><\/span><\/p>\n<p><span style=\"font-size: 20px;\">Das Schlichtungsverfahren ist unentgeltlich.<\/span><\/p>\n<p><span style=\"font-size: 20px;\">Auf die M\u00f6glichkeit des Verbandsklagerechts nach \u00a7 12 Absatz 1 Satz 1 Nummer 4 L-BGG wird hingewiesen.<\/span><\/p>\n<\/div>\n<\/div>\n<\/div>\n<\/div>\n<div class=\"contentelement\">\n<div class=\"contentelement\">\n<h3 id=\"c4175\" class=\"uid-4175 frame-title\"><span style=\"font-size: 20px;\">Barriere melden<\/span><\/h3>\n<div class=\" csc-textpic csc-textpic-intext-right csc-textpic-border \">\n<div class=\"csc-textpic-text\">\n<p><span style=\"font-size: 20px;\">Sind Ihnen M\u00e4ngel beim barrierefreien Zugang zu Inhalten unserer Internetseite aufgefallen? Dann schreiben Sie uns bitte eine mail an<\/span><br \/>\n<span style=\"font-size: 20px;\">schulleitung@gsmuehlheim.de<\/span><\/p>\n<\/div>\n<\/div>\n<\/div>\n<\/div>\n","protected":false},"excerpt":{"rendered":"<p>Barrierefreiheit Diese Erkl\u00e4rung zur digitalen Barrierefreiheit gilt f\u00fcr die unter der Domain&nbsp;www.lippachtalschule.de ver\u00f6ffentlichten Website der Grundschule M\u00fchlheim Donau. Als \u00f6ffentliche Stelle im Sinne der Richtlinie (EU) 2016\/2102 sind wir bem\u00fcht, unsere Websites und mobilen Anwendungen (Apps) im Einklang mit den Bestimmungen in Einklang mit \u00a7 10 Absatz 1 des Landes-Behindertengleichstellungsgesetzes (L-BGG) barrierefrei zug\u00e4nglich zu machen. [&hellip;]<\/p>\n","protected":false},"author":1,"featured_media":0,"parent":0,"menu_order":0,"comment_status":"closed","ping_status":"closed","template":"","meta":{"ngg_post_thumbnail":0,"ocean_post_layout":"","ocean_both_sidebars_style":"","ocean_both_sidebars_content_width":0,"ocean_both_sidebars_sidebars_width":0,"ocean_sidebar":"0","ocean_second_sidebar":"0","ocean_disable_margins":"enable","ocean_add_body_class":"","ocean_shortcode_before_top_bar":"","ocean_shortcode_after_top_bar":"","ocean_shortcode_before_header":"","ocean_shortcode_after_header":"","ocean_has_shortcode":"","ocean_shortcode_after_title":"","ocean_shortcode_before_footer_widgets":"","ocean_shortcode_after_footer_widgets":"","ocean_shortcode_before_footer_bottom":"","ocean_shortcode_after_footer_bottom":"","ocean_display_top_bar":"default","ocean_display_header":"default","ocean_header_style":"","ocean_center_header_left_menu":"0","ocean_custom_header_template":"0","ocean_custom_logo":0,"ocean_custom_retina_logo":0,"ocean_custom_logo_max_width":0,"ocean_custom_logo_tablet_max_width":0,"ocean_custom_logo_mobile_max_width":0,"ocean_custom_logo_max_height":0,"ocean_custom_logo_tablet_max_height":0,"ocean_custom_logo_mobile_max_height":0,"ocean_header_custom_menu":"0","ocean_menu_typo_font_family":"0","ocean_menu_typo_font_subset":"","ocean_menu_typo_font_size":0,"ocean_menu_typo_font_size_tablet":0,"ocean_menu_typo_font_size_mobile":0,"ocean_menu_typo_font_size_unit":"px","ocean_menu_typo_font_weight":"","ocean_menu_typo_font_weight_tablet":"","ocean_menu_typo_font_weight_mobile":"","ocean_menu_typo_transform":"","ocean_menu_typo_transform_tablet":"","ocean_menu_typo_transform_mobile":"","ocean_menu_typo_line_height":0,"ocean_menu_typo_line_height_tablet":0,"ocean_menu_typo_line_height_mobile":0,"ocean_menu_typo_line_height_unit":"","ocean_menu_typo_spacing":0,"ocean_menu_typo_spacing_tablet":0,"ocean_menu_typo_spacing_mobile":0,"ocean_menu_typo_spacing_unit":"","ocean_menu_link_color":"","ocean_menu_link_color_hover":"","ocean_menu_link_color_active":"","ocean_menu_link_background":"","ocean_menu_link_hover_background":"","ocean_menu_link_active_background":"","ocean_menu_social_links_bg":"","ocean_menu_social_hover_links_bg":"","ocean_menu_social_links_color":"","ocean_menu_social_hover_links_color":"","ocean_disable_title":"default","ocean_disable_heading":"default","ocean_post_title":"","ocean_post_subheading":"","ocean_post_title_style":"","ocean_post_title_background_color":"","ocean_post_title_background":0,"ocean_post_title_bg_image_position":"","ocean_post_title_bg_image_attachment":"","ocean_post_title_bg_image_repeat":"","ocean_post_title_bg_image_size":"","ocean_post_title_height":0,"ocean_post_title_bg_overlay":0.5,"ocean_post_title_bg_overlay_color":"","ocean_disable_breadcrumbs":"default","ocean_breadcrumbs_color":"","ocean_breadcrumbs_separator_color":"","ocean_breadcrumbs_links_color":"","ocean_breadcrumbs_links_hover_color":"","ocean_display_footer_widgets":"default","ocean_display_footer_bottom":"default","ocean_custom_footer_template":"0","footnotes":""},"class_list":["post-2917","page","type-page","status-publish","hentry","entry"],"_links":{"self":[{"href":"https:\/\/lippachtalschule.de\/index.php?rest_route=\/wp\/v2\/pages\/2917","targetHints":{"allow":["GET"]}}],"collection":[{"href":"https:\/\/lippachtalschule.de\/index.php?rest_route=\/wp\/v2\/pages"}],"about":[{"href":"https:\/\/lippachtalschule.de\/index.php?rest_route=\/wp\/v2\/types\/page"}],"author":[{"embeddable":true,"href":"https:\/\/lippachtalschule.de\/index.php?rest_route=\/wp\/v2\/users\/1"}],"replies":[{"embeddable":true,"href":"https:\/\/lippachtalschule.de\/index.php?rest_route=%2Fwp%2Fv2%2Fcomments&post=2917"}],"version-history":[{"count":5,"href":"https:\/\/lippachtalschule.de\/index.php?rest_route=\/wp\/v2\/pages\/2917\/revisions"}],"predecessor-version":[{"id":2931,"href":"https:\/\/lippachtalschule.de\/index.php?rest_route=\/wp\/v2\/pages\/2917\/revisions\/2931"}],"wp:attachment":[{"href":"https:\/\/lippachtalschule.de\/index.php?rest_route=%2Fwp%2Fv2%2Fmedia&parent=2917"}],"curies":[{"name":"wp","href":"https:\/\/api.w.org\/{rel}","templated":true}]}}