{"id":1960,"date":"2022-07-18T13:21:42","date_gmt":"2022-07-18T13:21:42","guid":{"rendered":"https:\/\/lippachtalschule.de\/?page_id=1960"},"modified":"2022-07-18T13:21:42","modified_gmt":"2022-07-18T13:21:42","slug":"schulpatenkind","status":"publish","type":"page","link":"https:\/\/lippachtalschule.de\/?page_id=1960","title":{"rendered":"Schulpatenkind"},"content":{"rendered":"<p><span style=\"color: #000080;\"><strong><span style=\"font-family: verdana, geneva, sans-serif; font-size: 18pt;\">Hier stellen wir unser Patenkind vor<\/span><\/strong><\/span><\/p>\n<p>&nbsp;<\/p>\n<p><span style=\"font-family: verdana, geneva, sans-serif; font-size: 14pt; color: #000080;\">Das ist Ikram. Ikram ist 8 Jahre alt.<br \/>\nIkram wohnt mit seiner Mutter und seinen drei Geschwistern in Indonesien, in der Region Lembata.<\/span><\/p>\n<p><span style=\"color: #000080;\"><img loading=\"lazy\" decoding=\"async\" class=\"alignnone size-medium wp-image-1962\" src=\"https:\/\/lippachtalschule.de\/wp-content\/uploads\/2022\/07\/Ikram-300x217.jpg\" alt=\"\" width=\"300\" height=\"217\" srcset=\"https:\/\/lippachtalschule.de\/wp-content\/uploads\/2022\/07\/Ikram-300x217.jpg 300w, https:\/\/lippachtalschule.de\/wp-content\/uploads\/2022\/07\/Ikram.jpg 741w\" sizes=\"auto, (max-width: 300px) 100vw, 300px\" \/><\/span><\/p>\n<p><span style=\"font-family: verdana, geneva, sans-serif; font-size: 14pt; color: #000080;\">Die Idee f\u00fcr ein Patenkind und den Wunsch ein Kind zu unterst\u00fctzen hatte die katholische Religionsgruppe der vierten Klassen. \u00dcber das Schuljahr wurden M\u00f6glichkeiten entwickelt, wie die Spenden f\u00fcr die Patenschaft gesammelt werden k\u00f6nnen. Die Kinder entschieden sich f\u00fcr einen Kuchenverkauf. Durch das gro\u00dfe Engagement der Kinder, die den Kuchenverkauf organisierten und den Kuchen bereitstellten, war der Kuchenverkauf ein voller Erfolg.<\/span><\/p>\n<p><span style=\"font-family: verdana, geneva, sans-serif; font-size: 14pt; color: #000080;\">Hierzu trugen ebenso die gro\u00dfz\u00fcgigen Spenden von Ihnen und Ihrem Kinde bei.<\/span><\/p>\n<p><span style=\"font-family: verdana, geneva, sans-serif; font-size: 14pt; color: #000080;\">Herzlichen Dank daf\u00fcr!<\/span><\/p>\n<p><span style=\"font-family: verdana, geneva, sans-serif; font-size: 14pt; color: #000080;\">Dadurch kam mehr als ein Jahresbeitrag f\u00fcr die Patenschaft und somit f\u00fcr Ikram zusammen.<\/span><\/p>\n<p>&nbsp;<\/p>\n<p><span style=\"font-family: verdana, geneva, sans-serif; font-size: 14pt; color: #000080;\">Au\u00dferdem wurde Kontakt zu Ikram aufgenommen. Die Viertkl\u00e4ssler verfassten einen Brief bzw. eine E-Mail an Ikram. Wir sind schon sehr gespannt auf seine Antwort.<\/span><\/p>\n<p>&nbsp;<\/p>\n<p>&nbsp;<\/p>\n<p>&nbsp;<\/p>\n<p><span style=\"font-family: verdana, geneva, sans-serif; font-size: 14pt; color: #000080;\">Hier k\u00f6nnen Sie Informationen \u00fcber Plan erhalten.<\/span><br \/>\n<span style=\"font-family: verdana, geneva, sans-serif; font-size: 14pt; color: #000080;\">Das ist die Organisation, welche Ikram betreut:<\/span><\/p>\n<p><span style=\"font-family: verdana, geneva, sans-serif; font-size: 14pt; color: #000080;\">https:\/\/www.plan.de\/ueber-uns.html<\/span><\/p>\n<p>&nbsp;<\/p>\n<p>&nbsp;<\/p>\n<p>&nbsp;<\/p>\n","protected":false},"excerpt":{"rendered":"<p>Hier stellen wir unser Patenkind vor &nbsp; Das ist Ikram. Ikram ist 8 Jahre alt. Ikram wohnt mit seiner Mutter und seinen drei Geschwistern in Indonesien, in der Region Lembata. Die Idee f\u00fcr ein Patenkind und den Wunsch ein Kind zu unterst\u00fctzen hatte die katholische Religionsgruppe der vierten Klassen. \u00dcber das Schuljahr wurden M\u00f6glichkeiten entwickelt, [&hellip;]<\/p>\n","protected":false},"author":1,"featured_media":0,"parent":0,"menu_order":0,"comment_status":"closed","ping_status":"closed","template":"","meta":{"ngg_post_thumbnail":0,"ocean_post_layout":"","ocean_both_sidebars_style":"","ocean_both_sidebars_content_width":0,"ocean_both_sidebars_sidebars_width":0,"ocean_sidebar":"","ocean_second_sidebar":"","ocean_disable_margins":"enable","ocean_add_body_class":"","ocean_shortcode_before_top_bar":"","ocean_shortcode_after_top_bar":"","ocean_shortcode_before_header":"","ocean_shortcode_after_header":"","ocean_has_shortcode":"","ocean_shortcode_after_title":"","ocean_shortcode_before_footer_widgets":"","ocean_shortcode_after_footer_widgets":"","ocean_shortcode_before_footer_bottom":"","ocean_shortcode_after_footer_bottom":"","ocean_display_top_bar":"default","ocean_display_header":"default","ocean_header_style":"","ocean_center_header_left_menu":"","ocean_custom_header_template":"","ocean_custom_logo":0,"ocean_custom_retina_logo":0,"ocean_custom_logo_max_width":0,"ocean_custom_logo_tablet_max_width":0,"ocean_custom_logo_mobile_max_width":0,"ocean_custom_logo_max_height":0,"ocean_custom_logo_tablet_max_height":0,"ocean_custom_logo_mobile_max_height":0,"ocean_header_custom_menu":"","ocean_menu_typo_font_family":"","ocean_menu_typo_font_subset":"","ocean_menu_typo_font_size":0,"ocean_menu_typo_font_size_tablet":0,"ocean_menu_typo_font_size_mobile":0,"ocean_menu_typo_font_size_unit":"px","ocean_menu_typo_font_weight":"","ocean_menu_typo_font_weight_tablet":"","ocean_menu_typo_font_weight_mobile":"","ocean_menu_typo_transform":"","ocean_menu_typo_transform_tablet":"","ocean_menu_typo_transform_mobile":"","ocean_menu_typo_line_height":0,"ocean_menu_typo_line_height_tablet":0,"ocean_menu_typo_line_height_mobile":0,"ocean_menu_typo_line_height_unit":"","ocean_menu_typo_spacing":0,"ocean_menu_typo_spacing_tablet":0,"ocean_menu_typo_spacing_mobile":0,"ocean_menu_typo_spacing_unit":"","ocean_menu_link_color":"","ocean_menu_link_color_hover":"","ocean_menu_link_color_active":"","ocean_menu_link_background":"","ocean_menu_link_hover_background":"","ocean_menu_link_active_background":"","ocean_menu_social_links_bg":"","ocean_menu_social_hover_links_bg":"","ocean_menu_social_links_color":"","ocean_menu_social_hover_links_color":"","ocean_disable_title":"default","ocean_disable_heading":"default","ocean_post_title":"","ocean_post_subheading":"","ocean_post_title_style":"","ocean_post_title_background_color":"","ocean_post_title_background":0,"ocean_post_title_bg_image_position":"","ocean_post_title_bg_image_attachment":"","ocean_post_title_bg_image_repeat":"","ocean_post_title_bg_image_size":"","ocean_post_title_height":0,"ocean_post_title_bg_overlay":0.5,"ocean_post_title_bg_overlay_color":"","ocean_disable_breadcrumbs":"default","ocean_breadcrumbs_color":"","ocean_breadcrumbs_separator_color":"","ocean_breadcrumbs_links_color":"","ocean_breadcrumbs_links_hover_color":"","ocean_display_footer_widgets":"default","ocean_display_footer_bottom":"default","ocean_custom_footer_template":"","footnotes":""},"class_list":["post-1960","page","type-page","status-publish","hentry","entry"],"_links":{"self":[{"href":"https:\/\/lippachtalschule.de\/index.php?rest_route=\/wp\/v2\/pages\/1960","targetHints":{"allow":["GET"]}}],"collection":[{"href":"https:\/\/lippachtalschule.de\/index.php?rest_route=\/wp\/v2\/pages"}],"about":[{"href":"https:\/\/lippachtalschule.de\/index.php?rest_route=\/wp\/v2\/types\/page"}],"author":[{"embeddable":true,"href":"https:\/\/lippachtalschule.de\/index.php?rest_route=\/wp\/v2\/users\/1"}],"replies":[{"embeddable":true,"href":"https:\/\/lippachtalschule.de\/index.php?rest_route=%2Fwp%2Fv2%2Fcomments&post=1960"}],"version-history":[{"count":2,"href":"https:\/\/lippachtalschule.de\/index.php?rest_route=\/wp\/v2\/pages\/1960\/revisions"}],"predecessor-version":[{"id":1963,"href":"https:\/\/lippachtalschule.de\/index.php?rest_route=\/wp\/v2\/pages\/1960\/revisions\/1963"}],"wp:attachment":[{"href":"https:\/\/lippachtalschule.de\/index.php?rest_route=%2Fwp%2Fv2%2Fmedia&parent=1960"}],"curies":[{"name":"wp","href":"https:\/\/api.w.org\/{rel}","templated":true}]}}