{"id":1615,"date":"2021-11-03T11:19:43","date_gmt":"2021-11-03T11:19:43","guid":{"rendered":"https:\/\/gsmuehlheim.de\/?page_id=1615"},"modified":"2023-10-13T05:09:21","modified_gmt":"2023-10-13T05:09:21","slug":"digitales-an-der-schule","status":"publish","type":"page","link":"https:\/\/lippachtalschule.de\/?page_id=1615","title":{"rendered":"Digitales"},"content":{"rendered":"<div id=\"cc-m-7619339651\" class=\"j-module n j-header \">\n<h3 id=\"cc-m-header-7619339651\" class=\"\"><span style=\"font-family: comic sans ms, sans-serif; color: #000080;\">Neues aus dem Reich der digitalen Schule<\/span><\/h3>\n<\/div>\n<p><span style=\"color: #000080; font-family: comic sans ms, sans-serif;\"><strong>Was geschah seit der Einrichtung der Ausstattung?<br \/>\n<\/strong>Wir haben die Ger\u00e4te in Betrieb genommen.<br \/>\nZwischenzeitlich konnten wir drei Fortbildung zur Arbeit mit den Ipads und den Fernsehern machen.<br \/>\nWeitere Fortbildung ist f\u00fcr den Sommer geplant.<br \/>\nWir bleiben f\u00fcr Ihre Kinder dran und bilden uns auch in diesem Bereich weiter.<br \/>\n&nbsp; <\/span><\/p>\n<div id=\"cc-m-7619339651\" class=\"j-module n j-header \">\n<hr>\n<h5><span style=\"font-family: comic sans ms, sans-serif; font-size: 14pt; color: #000080;\">Ende Juni hat unsere Schule vom Landesmedienzentrum das Freigabezertifikat f\u00fcr den Medienentwicklungsplan erhalten.<\/span><\/h5>\n<p><span style=\"color: #000080; font-family: comic sans ms, sans-serif;\"><img loading=\"lazy\" decoding=\"async\" class=\" wp-image-1625 alignright\" src=\"https:\/\/lippachtalschule.de\/wp-content\/uploads\/2021\/11\/MEP_Zertifikat-2-254x300.jpg\" alt=\"\" width=\"337\" height=\"398\" srcset=\"https:\/\/lippachtalschule.de\/wp-content\/uploads\/2021\/11\/MEP_Zertifikat-2-254x300.jpg 254w, https:\/\/lippachtalschule.de\/wp-content\/uploads\/2021\/11\/MEP_Zertifikat-2.jpg 713w\" sizes=\"auto, (max-width: 337px) 100vw, 337px\" \/>Das bedeutet f\u00fcr uns ein wichtiger Schritt auf dem Weg zu einer modernen, digitalen Schule. Digitale Schule bedeutet dabei f\u00fcr uns, dass wir digitale Ger\u00e4te und Programme dann einsetzen, wenn sie einen Mehrwert im Vergleich zu den klassischen Medien wie Buch, Heft und Stift bieten. Die M\u00f6glichkeiten, die uns die digitalen Ger\u00e4te und Programme bieten, sind somit eine wertvolle Erg\u00e4nzung des etablierten und erfolgreichen, modernen Unterrichts, den wir ebenso st\u00e4ndig und selbstverst\u00e4ndlich weiterentwickeln und mit den Erfordernissen und Bedarfen unserer Sch\u00fclerschaft abstimmen.<\/span><\/p>\n<\/div>\n<div id=\"cc-m-7619340451\" class=\"j-module n j-textWithImage \">\n<div>\n<div id=\"cc-m-textwithimage-7619340451\" class=\"cc-m-textwithimage-inline-rte\" data-name=\"text\" data-action=\"text\">\n<p><span style=\"font-family: comic sans ms, sans-serif; color: #000080;\">In dieser Woche sind wir dabei, die gro\u00dfartige Ausstattung im Bereich der digitalen Medien und Ger\u00e4te fertigzustellen.<br \/>\nMit Unterst\u00fctzung des Kreismedienzentrums Tuttlingen und in guter und enger Zusammenarbeit mit dem Schultr\u00e4ger haben wir dies alles stemmen k\u00f6nnen. Hierf\u00fcr wurden bereits seit dem Jahr 2020 Gelder aus dem digitalen Budget der Schule und in diesem Jahr alle zur Verf\u00fcgung stehenden F\u00f6rdermittel des Landes in Sachen &#8222;Digitalisierung der Schulen&#8220; genutzt.<br \/>\nMit der Freigabe des Medienentwicklungsplanes werden nun die restlichen F\u00f6rdergelder abgerufen und die j\u00fcngsten Ma\u00dfnahmen umgesetzt. Die Ausstattung der Schule wird bedarfsgerecht vervollst\u00e4ndigt.<br \/>\nSchon jetzt nutzen alle Kolleginnen die bereits vorhandenen digitalen M\u00f6glichkeiten um ihren Unterricht damit zu erg\u00e4nzen und den Kindern zus\u00e4tzliche M\u00f6glichkeiten des Lernens, \u00dcbens und Anwendens zu er\u00f6ffnen. Zudem wenden die Sch\u00fclerinnen und Sch\u00fcler unserer Schule schon jetzt die digitalen Ger\u00e4te an, um kreativ-produktiv handelnd zu \u00fcben, zu recherchieren und eigene Ideen im literarischen Bereich umzusetzen.<br \/>\n<\/span><\/p>\n<p><span style=\"font-family: comic sans ms, sans-serif; color: #000080;\">Die ganze Schulgemeinschaft ist weiterhin motiviert und bestrebt, sich im Bereich der Digitalisierung unserer Schule weiterzuentwickeln, um den uns anvertrauten Kindern die bestm\u00f6gliche F\u00f6rderung und Begleitung in ihrer Entwicklung anzubieten.<\/span><\/p>\n<\/div>\n<\/div>\n<\/div>\n","protected":false},"excerpt":{"rendered":"<p>Neues aus dem Reich der digitalen Schule Was geschah seit der Einrichtung der Ausstattung? Wir haben die Ger\u00e4te in Betrieb genommen. Zwischenzeitlich konnten wir drei Fortbildung zur Arbeit mit den Ipads und den Fernsehern machen. Weitere Fortbildung ist f\u00fcr den Sommer geplant. Wir bleiben f\u00fcr Ihre Kinder dran und bilden uns auch in diesem Bereich [&hellip;]<\/p>\n","protected":false},"author":1,"featured_media":0,"parent":0,"menu_order":0,"comment_status":"closed","ping_status":"closed","template":"","meta":{"ngg_post_thumbnail":0,"ocean_post_layout":"","ocean_both_sidebars_style":"","ocean_both_sidebars_content_width":0,"ocean_both_sidebars_sidebars_width":0,"ocean_sidebar":"0","ocean_second_sidebar":"0","ocean_disable_margins":"enable","ocean_add_body_class":"","ocean_shortcode_before_top_bar":"","ocean_shortcode_after_top_bar":"","ocean_shortcode_before_header":"","ocean_shortcode_after_header":"","ocean_has_shortcode":"","ocean_shortcode_after_title":"","ocean_shortcode_before_footer_widgets":"","ocean_shortcode_after_footer_widgets":"","ocean_shortcode_before_footer_bottom":"","ocean_shortcode_after_footer_bottom":"","ocean_display_top_bar":"default","ocean_display_header":"default","ocean_header_style":"","ocean_center_header_left_menu":"0","ocean_custom_header_template":"0","ocean_custom_logo":0,"ocean_custom_retina_logo":0,"ocean_custom_logo_max_width":0,"ocean_custom_logo_tablet_max_width":0,"ocean_custom_logo_mobile_max_width":0,"ocean_custom_logo_max_height":0,"ocean_custom_logo_tablet_max_height":0,"ocean_custom_logo_mobile_max_height":0,"ocean_header_custom_menu":"0","ocean_menu_typo_font_family":"0","ocean_menu_typo_font_subset":"","ocean_menu_typo_font_size":0,"ocean_menu_typo_font_size_tablet":0,"ocean_menu_typo_font_size_mobile":0,"ocean_menu_typo_font_size_unit":"px","ocean_menu_typo_font_weight":"","ocean_menu_typo_font_weight_tablet":"","ocean_menu_typo_font_weight_mobile":"","ocean_menu_typo_transform":"","ocean_menu_typo_transform_tablet":"","ocean_menu_typo_transform_mobile":"","ocean_menu_typo_line_height":0,"ocean_menu_typo_line_height_tablet":0,"ocean_menu_typo_line_height_mobile":0,"ocean_menu_typo_line_height_unit":"","ocean_menu_typo_spacing":0,"ocean_menu_typo_spacing_tablet":0,"ocean_menu_typo_spacing_mobile":0,"ocean_menu_typo_spacing_unit":"","ocean_menu_link_color":"","ocean_menu_link_color_hover":"","ocean_menu_link_color_active":"","ocean_menu_link_background":"","ocean_menu_link_hover_background":"","ocean_menu_link_active_background":"","ocean_menu_social_links_bg":"","ocean_menu_social_hover_links_bg":"","ocean_menu_social_links_color":"","ocean_menu_social_hover_links_color":"","ocean_disable_title":"default","ocean_disable_heading":"default","ocean_post_title":"","ocean_post_subheading":"","ocean_post_title_style":"","ocean_post_title_background_color":"","ocean_post_title_background":0,"ocean_post_title_bg_image_position":"","ocean_post_title_bg_image_attachment":"","ocean_post_title_bg_image_repeat":"","ocean_post_title_bg_image_size":"","ocean_post_title_height":0,"ocean_post_title_bg_overlay":0.5,"ocean_post_title_bg_overlay_color":"","ocean_disable_breadcrumbs":"default","ocean_breadcrumbs_color":"","ocean_breadcrumbs_separator_color":"","ocean_breadcrumbs_links_color":"","ocean_breadcrumbs_links_hover_color":"","ocean_display_footer_widgets":"default","ocean_display_footer_bottom":"default","ocean_custom_footer_template":"0","footnotes":""},"class_list":["post-1615","page","type-page","status-publish","hentry","entry"],"_links":{"self":[{"href":"https:\/\/lippachtalschule.de\/index.php?rest_route=\/wp\/v2\/pages\/1615","targetHints":{"allow":["GET"]}}],"collection":[{"href":"https:\/\/lippachtalschule.de\/index.php?rest_route=\/wp\/v2\/pages"}],"about":[{"href":"https:\/\/lippachtalschule.de\/index.php?rest_route=\/wp\/v2\/types\/page"}],"author":[{"embeddable":true,"href":"https:\/\/lippachtalschule.de\/index.php?rest_route=\/wp\/v2\/users\/1"}],"replies":[{"embeddable":true,"href":"https:\/\/lippachtalschule.de\/index.php?rest_route=%2Fwp%2Fv2%2Fcomments&post=1615"}],"version-history":[{"count":11,"href":"https:\/\/lippachtalschule.de\/index.php?rest_route=\/wp\/v2\/pages\/1615\/revisions"}],"predecessor-version":[{"id":2739,"href":"https:\/\/lippachtalschule.de\/index.php?rest_route=\/wp\/v2\/pages\/1615\/revisions\/2739"}],"wp:attachment":[{"href":"https:\/\/lippachtalschule.de\/index.php?rest_route=%2Fwp%2Fv2%2Fmedia&parent=1615"}],"curies":[{"name":"wp","href":"https:\/\/api.w.org\/{rel}","templated":true}]}}