{"id":1550,"date":"2021-09-10T12:22:37","date_gmt":"2021-09-10T12:22:37","guid":{"rendered":"https:\/\/gsmuehlheim.de\/?page_id=1550"},"modified":"2024-09-23T04:33:46","modified_gmt":"2024-09-23T04:33:46","slug":"elternabc","status":"publish","type":"page","link":"https:\/\/lippachtalschule.de\/?page_id=1550","title":{"rendered":"ElternABC"},"content":{"rendered":"<p><span style=\"font-family: comic sans ms, sans-serif; color: #003366; font-size: 17px;\">Hier finden Sie Dinge f\u00fcr den Schulalltag, wie Informationen zu<\/span><br \/>\n<span style=\"font-family: comic sans ms, sans-serif; color: #003366; font-size: 17px;\">Entschuldigung, Vesper, Schwimmen &#8230;.<\/span><br \/>\n<span style=\"font-family: comic sans ms, sans-serif; color: #003366; font-size: 17px;\">Dieses ABC befindet sich im Aufbau und wird Schritt f\u00fcr Schritt erg\u00e4nzt.<\/span><\/p>\n<h5>&nbsp;<\/h5>\n<h4><span style=\"font-family: comic sans ms, sans-serif; color: #003366;\"><strong><em>B<span style=\"font-size: 16px;\">efreiung vom Unterricht<\/span><\/em><\/strong><\/span><\/h4>\n<p><span style=\"font-family: comic sans ms, sans-serif; color: #003366; font-size: 16px;\">In \u201ebesonders begr\u00fcndeten Ausnahmef\u00e4llen\u201c (z.B. Hochzeitsfeier oder Todesfall in der Familie) k\u00f6nnen wir Ihr Kind vom Unterricht befreien. <strong>Vor oder nach einem Ferienabschnitt ist grunds\u00e4tzlich keine Befreiung m\u00f6glich.<\/strong><br \/>\nWenn Sie Ihr Kind vom Unterricht befreien lassen wollen, sollten Sie unbedingt <strong><u>davor<\/u><\/strong> mit uns reden. <a style=\"color: #003366;\" href=\"https:\/\/lippachtalschule.de\/?page_id=2037\">Informationen hierzu finden Sie unter Service \/ Downloads.<\/a>&nbsp;<br \/>\nEine Befreiung muss immer schriftlich beantragt und genehmigt werden<\/span><\/p>\n<p>&nbsp;<\/p>\n<p><span style=\"font-family: comic sans ms, sans-serif; color: #003366; font-size: 16px;\"><strong><em>Dyskalkulie (Arithmasthenie)<br \/>\n<\/em><\/strong>Fremdwort f\u00fcr Rechenschw\u00e4che; im \u00dcbrigen gilt dasselbe wie bei <strong>Legasthenie<\/strong><\/span><\/p>\n<p><span style=\"color: #003366; font-size: 16px;\"><span style=\"font-family: comic sans ms, sans-serif;\"><strong><a href=\"https:\/\/lippachtalschule.de\/?page_id=406\">Elternvertreter<\/a><br \/>\n<\/strong><\/span><span style=\"font-family: comic sans ms, sans-serif;\">Die Elternvertreter haben eine sehr wichtige Aufgabe an unserer Schule:<br \/>\nSie versuchen, die Meinung der Eltern einzusch\u00e4tzen und vertreten diese in der Schulkonferenz und sie beteiligen sich an der Planung von Festen und Feiern und entscheiden mit, wie das dabei erwirtschaftete Geld ausgegeben wird. Aufgabe der Elternvertreter ist es jedoch nicht, Probleme, die einzelne haben, an uns Lehrer weiterzugeben. Wenn n\u00e4mlich versucht wird, dies \u00fcber Dritte (Elternvertreter) zu kl\u00e4ren, kommt es immer wieder zu unn\u00f6tigen Missverst\u00e4ndnissen.<br \/>\nDeshalb laden wir Sie herzlich ein direkt mit uns ins Gespr\u00e4ch zu kommen.<br \/>\n<\/span><\/span><\/p>\n<p><span style=\"color: #003366; font-size: 16px;\"><span style=\"font-family: comic sans ms, sans-serif;\"><strong><br \/>\nEntschuldigung<br \/>\n<\/strong><\/span><span style=\"font-family: comic sans ms, sans-serif;\">Wenn Ihr Kind krank ist, dann bitten wir Sie, uns morgens telefonisch in der Schule Bescheid zu geben (evtl. auf den Anrufbeantworter sprechen).<br \/>\nEin zweite Variante ist die Entschuldigung per MAIL.<br \/>\nBitte schreiben Sie eine Mail an<br \/>\nentschuldigung@gsmuehlheim.de<br \/>\nName des Kindes<br \/>\nKlasse<br \/>\nVoraussichtliche Dauer des Fehlens<br \/>\nggf, Grund des Fehlens<\/span><\/span><\/p>\n<p>Bitte reichen Sie in jedem Fall entweder eine schriftliche Entschuldigung oder ein Attest des Arztes nach.<\/p>\n<p><span style=\"font-family: comic sans ms, sans-serif; color: #003366; font-size: 16px;\">Bitte denken Sie bei einer Entschuldigung unbedingt daran, die Kinder auch f\u00fcr die Betreuung und ggf. Ags, Hausaufgabenbetreuung zu entschuldigen.<\/span><\/p>\n<h5 style=\"text-align: left;\" align=\"left\"><span style=\"color: #003366; font-size: 16px;\"><span style=\"font-family: comic sans ms, sans-serif;\">Homepage<br \/>\n<\/span><span style=\"font-family: comic sans ms, sans-serif;\"><span style=\"font-weight: normal; font-style: normal;\">Auf unserer Homepage finden Sie viel Wissenswertes rund um unsere sch\u00f6ne Schule. Auf der Startseite finden sie wichtige Termine und Neuigkeiten nachlesen k\u00f6nnen. Wir versuchen, die Homepage aktuell, informativ und abwechslungsreich zu gestalten und w\u00fcrden uns freuen, wenn Sie regelm\u00e4\u00dfig die Seite <\/span><a style=\"color: #003366;\" href=\"http:\/\/www.lippachtalschule.de\">www.lippachtalschule.de<\/a><span style=\"font-weight: normal; font-style: normal;\"> besuchen w\u00fcrden. <\/span><\/span><\/span><\/h5>\n<p><span style=\"font-family: comic sans ms, sans-serif; color: #003366; font-size: 16px;\"><!--more--><\/span><\/p>\n<h5><span style=\"font-family: comic sans ms, sans-serif; color: #003366; font-size: 16px;\"><a style=\"color: #003366;\" href=\"https:\/\/lippachtalschule.de\/?page_id=2037\" target=\"_blank\" rel=\"noopener\">Jahresplan \/ unterrichtsfreie Tage<\/a><\/p>\n<p><\/span><\/h5>\n<h5><span style=\"font-family: comic sans ms, sans-serif; font-size: 16px; color: #003366;\"><a style=\"color: #003366;\" href=\"https:\/\/lippachtalschule.de\/?page_id=999\" target=\"_blank\" rel=\"noopener\">Kooperation \/ Neue Erstkl\u00e4ssler<\/a><\/span><\/h5>\n<h5><span style=\"font-family: comic sans ms, sans-serif; font-size: 16px; color: #003366;\">Legasthenie<\/span><\/h5>\n<p><span style=\"font-family: comic sans ms, sans-serif; font-size: 16px; color: #003366;\">&#8230;bedeutet, dass ein Kind Lese-\/ Rechtschreibschwierigkeiten hat und zugleich in anderen F\u00e4chern durchschnittliche oder \u00fcberdurchschnittliche Leistungen erbringt. Es ist inzwischen sicher, dass die Legasthenie biologische Ursachen hat. Schuldzuweisungen an die Eltern oder die Schule sind deshalb ziemlich unsinnig.&nbsp; F\u00fcr unsere Arbeit in der Schule ist besonders interessant, dass es keine&nbsp; bestimmten Methoden gibt, die speziell Legasthenikern helfen. Es gibt auch keine besonderen Fehler, die als Symptom f\u00fcr Legasthenie gelten k\u00f6nnten. Verdrehte Buchstaben sind z.B. innerhalb der Lese-\/ Schreibentwicklung ganz normal. Allgemein brauchen Kinder mit Schwierigkeiten beim Lesen- und Schreibenlernen mehr Zeit, mehr Zuwendung und mehr methodischen Ideenreichtum in der Gestaltung von Aufgaben, damit sie besser zum jeweiligen Entwicklungsstand des Kindes \u201epassen\u201c.<\/span><\/p>\n<h5><span style=\"font-family: comic sans ms, sans-serif; font-size: 16px; color: #003366;\"><a style=\"color: #003366;\" href=\"https:\/\/lippachtalschule.de\/?page_id=1004\" target=\"_blank\" rel=\"noopener\">Weiterf\u00fchrende Schulen<\/a><\/span><\/h5>\n<p>&nbsp;<\/p>\n","protected":false},"excerpt":{"rendered":"<p>Hier finden Sie Dinge f\u00fcr den Schulalltag, wie Informationen zu Entschuldigung, Vesper, Schwimmen &#8230;. Dieses ABC befindet sich im Aufbau und wird Schritt f\u00fcr Schritt erg\u00e4nzt. &nbsp; Befreiung vom Unterricht In \u201ebesonders begr\u00fcndeten Ausnahmef\u00e4llen\u201c (z.B. Hochzeitsfeier oder Todesfall in der Familie) k\u00f6nnen wir Ihr Kind vom Unterricht befreien. Vor oder nach einem Ferienabschnitt ist grunds\u00e4tzlich [&hellip;]<\/p>\n","protected":false},"author":1,"featured_media":0,"parent":0,"menu_order":0,"comment_status":"closed","ping_status":"closed","template":"","meta":{"ngg_post_thumbnail":0,"ocean_post_layout":"","ocean_both_sidebars_style":"","ocean_both_sidebars_content_width":0,"ocean_both_sidebars_sidebars_width":0,"ocean_sidebar":"0","ocean_second_sidebar":"0","ocean_disable_margins":"enable","ocean_add_body_class":"","ocean_shortcode_before_top_bar":"","ocean_shortcode_after_top_bar":"","ocean_shortcode_before_header":"","ocean_shortcode_after_header":"","ocean_has_shortcode":"","ocean_shortcode_after_title":"","ocean_shortcode_before_footer_widgets":"","ocean_shortcode_after_footer_widgets":"","ocean_shortcode_before_footer_bottom":"","ocean_shortcode_after_footer_bottom":"","ocean_display_top_bar":"default","ocean_display_header":"default","ocean_header_style":"","ocean_center_header_left_menu":"0","ocean_custom_header_template":"0","ocean_custom_logo":0,"ocean_custom_retina_logo":0,"ocean_custom_logo_max_width":0,"ocean_custom_logo_tablet_max_width":0,"ocean_custom_logo_mobile_max_width":0,"ocean_custom_logo_max_height":0,"ocean_custom_logo_tablet_max_height":0,"ocean_custom_logo_mobile_max_height":0,"ocean_header_custom_menu":"0","ocean_menu_typo_font_family":"0","ocean_menu_typo_font_subset":"","ocean_menu_typo_font_size":0,"ocean_menu_typo_font_size_tablet":0,"ocean_menu_typo_font_size_mobile":0,"ocean_menu_typo_font_size_unit":"px","ocean_menu_typo_font_weight":"","ocean_menu_typo_font_weight_tablet":"","ocean_menu_typo_font_weight_mobile":"","ocean_menu_typo_transform":"","ocean_menu_typo_transform_tablet":"","ocean_menu_typo_transform_mobile":"","ocean_menu_typo_line_height":0,"ocean_menu_typo_line_height_tablet":0,"ocean_menu_typo_line_height_mobile":0,"ocean_menu_typo_line_height_unit":"","ocean_menu_typo_spacing":0,"ocean_menu_typo_spacing_tablet":0,"ocean_menu_typo_spacing_mobile":0,"ocean_menu_typo_spacing_unit":"","ocean_menu_link_color":"","ocean_menu_link_color_hover":"","ocean_menu_link_color_active":"","ocean_menu_link_background":"","ocean_menu_link_hover_background":"","ocean_menu_link_active_background":"","ocean_menu_social_links_bg":"","ocean_menu_social_hover_links_bg":"","ocean_menu_social_links_color":"","ocean_menu_social_hover_links_color":"","ocean_disable_title":"default","ocean_disable_heading":"default","ocean_post_title":"","ocean_post_subheading":"","ocean_post_title_style":"","ocean_post_title_background_color":"","ocean_post_title_background":0,"ocean_post_title_bg_image_position":"","ocean_post_title_bg_image_attachment":"","ocean_post_title_bg_image_repeat":"","ocean_post_title_bg_image_size":"","ocean_post_title_height":0,"ocean_post_title_bg_overlay":0.5,"ocean_post_title_bg_overlay_color":"","ocean_disable_breadcrumbs":"default","ocean_breadcrumbs_color":"","ocean_breadcrumbs_separator_color":"","ocean_breadcrumbs_links_color":"","ocean_breadcrumbs_links_hover_color":"","ocean_display_footer_widgets":"default","ocean_display_footer_bottom":"default","ocean_custom_footer_template":"0","footnotes":""},"class_list":["post-1550","page","type-page","status-publish","hentry","entry"],"_links":{"self":[{"href":"https:\/\/lippachtalschule.de\/index.php?rest_route=\/wp\/v2\/pages\/1550","targetHints":{"allow":["GET"]}}],"collection":[{"href":"https:\/\/lippachtalschule.de\/index.php?rest_route=\/wp\/v2\/pages"}],"about":[{"href":"https:\/\/lippachtalschule.de\/index.php?rest_route=\/wp\/v2\/types\/page"}],"author":[{"embeddable":true,"href":"https:\/\/lippachtalschule.de\/index.php?rest_route=\/wp\/v2\/users\/1"}],"replies":[{"embeddable":true,"href":"https:\/\/lippachtalschule.de\/index.php?rest_route=%2Fwp%2Fv2%2Fcomments&post=1550"}],"version-history":[{"count":29,"href":"https:\/\/lippachtalschule.de\/index.php?rest_route=\/wp\/v2\/pages\/1550\/revisions"}],"predecessor-version":[{"id":2849,"href":"https:\/\/lippachtalschule.de\/index.php?rest_route=\/wp\/v2\/pages\/1550\/revisions\/2849"}],"wp:attachment":[{"href":"https:\/\/lippachtalschule.de\/index.php?rest_route=%2Fwp%2Fv2%2Fmedia&parent=1550"}],"curies":[{"name":"wp","href":"https:\/\/api.w.org\/{rel}","templated":true}]}}