{"id":1004,"date":"2020-11-04T05:24:57","date_gmt":"2020-11-04T05:24:57","guid":{"rendered":"https:\/\/gsmuehlheim.de\/?page_id=1004"},"modified":"2025-05-27T12:51:09","modified_gmt":"2025-05-27T12:51:09","slug":"die-weiterfuehrende-schule","status":"publish","type":"page","link":"https:\/\/lippachtalschule.de\/?page_id=1004","title":{"rendered":"Weiterf\u00fchrende Schulen"},"content":{"rendered":"<p><span style=\"font-size: 18pt; color: #003366; font-family: comic sans ms, sans-serif;\"><strong>Alle wichtigen Informationen zum <a href=\"https:\/\/km.baden-wuerttemberg.de\/de\/schule\/grundschule\/uebergang-grundschule-zu-weiterfuehrende-schulen\">\u00dcbergangsverfahren<\/a> finden sie auf <a style=\"color: #003366;\" href=\"https:\/\/km.baden-wuerttemberg.de\/de\/schule\/infos-fuer-eltern\/welche-schule-fuer-mein-kind\"><em>dieser Seite<\/em><\/a> des Kultusministeriums.<\/strong><\/span><\/p>\n<p>&nbsp;<\/p>\n<p><span style=\"color: #003366; font-family: comic sans ms, sans-serif;\"><span style=\"font-size: 18pt;\"><strong><br \/>\n<span style=\"font-size: 16px;\">Weiterf\u00fchrende Schulen der Umgebung<\/span><br \/>\n<span style=\"font-size: 16px;\">Diese Aufz\u00e4hlung ist erhebt keinerlei Anspruch auf Vollst\u00e4ndigkeit:<\/span><\/strong><\/span><\/span><\/p>\n<p><span style=\"font-family: comic sans ms, sans-serif; color: #003366; font-size: 20px;\"><strong>Werkrealschule \/ Hauptschulen<\/strong><\/span><\/p>\n<div class=\"cCore_block clearfix\">\n<div class=\"cCore-location-address\">\n<div class=\"cCore_contactInformationBlockWithLabel\" title=\"Telefon\"><strong><span style=\"font-family: comic sans ms, sans-serif; font-size: 16px; color: #003366;\">Schillerschule Tuttlingen<\/span><\/strong><br \/>\n<span style=\"color: #003366; font-family: comic sans ms, sans-serif; font-size: 16px;\">0 74 61 16 18 15<br \/>\n<a style=\"color: #003366;\" href=\"mailto:info@schillerschule-tuttlingen.de\">info@schillerschule-tuttlingen.de<\/a><br \/>\n<a style=\"color: #003366;\" title=\"Neues Fenster: Internetauftritt Werkrealschule Schillerschule\" href=\"http:\/\/www.schillerschule-tuttlingen.de\" target=\"_contactInformationBlock\" rel=\"noopener noreferrer\">http:\/\/www.schillerschule-tuttlingen.de<\/a><\/span><\/div>\n<\/div>\n<\/div>\n<div class=\"cCore_block\">\n<div title=\"World Wide Web\">&nbsp;<\/div>\n<div title=\"World Wide Web\">&nbsp;<\/div>\n<div title=\"World Wide Web\"><strong><span style=\"font-family: comic sans ms, sans-serif; font-size: 16px; color: #003366;\">Witthoschule Emmingen<\/span><\/strong><br \/>\n<span style=\"font-family: comic sans ms, sans-serif; font-size: 16px; color: #003366;\">07465\/45199-60<\/span><br \/>\n<span style=\"font-family: comic sans ms, sans-serif; font-size: 16px; color: #003366;\">info@wrs-el.de<\/span><br \/>\n<span style=\"font-family: comic sans ms, sans-serif; font-size: 16px; color: #003366;\"><span style=\"font-family: comic sans ms, sans-serif; font-size: 16px; color: #003366;\"><span style=\"font-family: comic sans ms, sans-serif; font-size: 16px; color: #003366;\"><a style=\"color: #003366;\" title=\"Zur Website gehen\" href=\"http:\/\/www.witthohschule.de\/\" target=\"_blank\" rel=\"noopener noreferrer\">www.witthohschule.de<\/a><\/span><\/span><\/span>&nbsp;<\/p>\n<hr>\n<\/div>\n<\/div>\n<div id=\"footer-col1\" class=\"widget-area one_half\">\n<aside class=\"widget widget_text\">\n<div class=\"textwidget\">\n<p><span style=\"font-size: 20px; font-family: 'comic sans ms', sans-serif;\"><strong>Realschulen<\/strong><\/span><\/p>\n<p><span style=\"font-family: comic sans ms, sans-serif; font-size: 16px; color: #003366;\"><strong>Realschule <\/strong><\/span><span style=\"color: #003366; font-family: comic sans ms, sans-serif; font-size: 16px;\"><strong>Realschule M\u00fchlheim<\/strong><\/span><br \/>\n<span style=\"font-family: comic sans ms, sans-serif; font-size: 16px; color: #003366;\">07463-995166-0<\/span><br \/>\n<span style=\"font-family: comic sans ms, sans-serif; font-size: 16px; color: #003366;\">info@rsmuehlheim.de<\/span><br \/>\n<a href=\"http:\/\/www.rsmuehlheim.de\"><span style=\"font-family: comic sans ms, sans-serif; font-size: 16px; color: #003366;\">www.rsmuehlheim.de<\/span><\/a><\/p>\n<hr>\n<\/div>\n<p><span style=\"color: #003366; font-family: comic sans ms, sans-serif; font-size: 16px;\"><strong>Herrmann Hesse Realschule Tuttlingen<\/strong><\/span><br \/>\n<span style=\"font-family: comic sans ms, sans-serif; font-size: 16px; color: #003366;\">0 74 61 94 91 0<\/span><br \/>\n<span style=\"font-family: comic sans ms, sans-serif; font-size: 16px; color: #003366;\"><a style=\"color: #003366;\" href=\"mailto:info@hhrs-tuttlingen.de\">info@hhrs-tuttlingen.de<\/a><\/span><br \/>\n<a href=\"http:\/\/www.hhrs-tuttlingen.de\">http:\/\/www.hhrs-tuttlingen.de<\/a><\/p>\n<hr>\n<\/aside>\n<\/div>\n<div title=\"World Wide Web\">&nbsp;<\/div>\n<div title=\"World Wide Web\">&nbsp;<\/div>\n<div title=\"World Wide Web\"><span style=\"font-size: 16px;\"><strong>Ludwig-Uhland-Realschule<br \/>\n<\/strong>07461 94920<\/span><br \/>\n<span style=\"font-size: 16px;\"><a href=\"mailto:info@lurs-tuttlingen.de\">info@lurs-tuttlingen.de<\/a><\/span><br \/>\n<a title=\"Neues Fenster: Internetauftritt Ludwig-Uhland-Realschule\" href=\"https:\/\/www.lurs-tuttlingen.de\/\" target=\"_contactInformationBlock\" rel=\"noopener noreferrer\"><span style=\"font-size: 16px;\">https:\/\/www.lurs-tuttlingen.de<\/span><\/a><\/div>\n<p>&nbsp;<\/p>\n<hr>\n<div title=\"World Wide Web\">\n<div title=\"World Wide Web\"><span style=\"font-family: comic sans ms, sans-serif; font-size: 20px; color: #003366;\"><strong>Gymnasien<\/strong><\/span><\/div>\n<div title=\"World Wide Web\"><span style=\"color: #003366; font-family: comic sans ms, sans-serif; font-size: 16px;\"><strong><br \/>\nImmanuel-Kant-Gymnasium<\/strong><\/span><\/div>\n<\/div>\n<div title=\"World Wide Web\">\n<div class=\"cCore_block\">\n<div class=\"cCore_contactInformationBlock\">\n<div class=\"cCore_contactInformationBlockLine\">\n<div class=\"cCore_contactInformationBlockWithLabel\" title=\"Telefon\"><span style=\"font-family: comic sans ms, sans-serif; font-size: 16px; color: #003366;\">0 74 61 76 00 10<\/span><\/div>\n<\/div>\n<div class=\"cCore_contactInformationBlockWithLabel\" title=\"E-Mail\"><span style=\"font-family: comic sans ms, sans-serif; font-size: 16px; color: #003366;\"><a style=\"color: #003366;\" href=\"mailto:info@ikg-tuttlingen.de\">info@ikg-tuttlingen.de<\/a><\/span><\/div>\n<div class=\"cCore_contactInformationBlockLine\">\n<div class=\"cCore_contactInformationBlockWithLabel\" title=\"World Wide Web\"><span style=\"font-family: comic sans ms, sans-serif; font-size: 16px; color: #003366;\"><a style=\"color: #003366;\" title=\"Neues Fenster: Internetauftritt Immanuel-Kant-Gymnasium\" href=\"https:\/\/www.ikg-tuttlingen.de\" target=\"_contactInformationBlock\" rel=\"noopener noreferrer\">http:\/\/www.ikg-tuttlingen.de<\/a><\/span><\/div>\n<\/div>\n<div title=\"World Wide Web\">\n<hr>\n<hr>\n<\/div>\n<\/div>\n<\/div>\n<\/div>\n<div title=\"World Wide Web\"><span style=\"font-family: comic sans ms, sans-serif; color: #003366; font-size: 16px;\"><strong>Otto-Hahn-Gymnasium<\/strong><br \/>\n0 74 61 943 &#8211; 0<br \/>\n<a style=\"color: #003366;\" href=\"mailto:info@ohg-tuttlingen.de\">info@ohg-tuttlingen.de<\/a><br \/>\n<a style=\"color: #003366;\" title=\"Neues Fenster: Internetauftritt Otto-Hahn-Gymnasium\" href=\"http:\/\/www.ohg-tuttlingen.de\" target=\"_contactInformationBlock\" rel=\"noopener noreferrer\">http:\/\/www.ohg-tuttlingen.de<\/a><\/span><\/div>\n<div title=\"World Wide Web\">\n<hr>\n<\/div>\n<div title=\"World Wide Web\">\n<p>&nbsp;<\/p>\n<p><span style=\"font-size: 20px; font-family: comic sans ms, sans-serif; color: #003366;\"><strong>Gemeinschaftsschulen<\/strong><\/span><\/p>\n<div class=\"ce_text first block\"><span style=\"font-size: 16px; font-family: comic sans ms, sans-serif; color: #003366;\"><strong><br \/>\nGemeinschaftsschule Obere Donau<\/strong><\/span><br \/>\n<span style=\"font-family: comic sans ms, sans-serif; font-size: 16px; color: #003366;\">07463 \/ 99 51-0<\/span><br \/>\n<span style=\"font-family: comic sans ms, sans-serif; color: #003366; font-size: 16px;\"><a class=\"email\" style=\"color: #003366;\" href=\"mailto:info@gms-oberedonau.de\">info@gms-oberedonau.de<\/a><br \/>\nhttp:\/\/www.gms-oberedonau.de\/<\/span><\/div>\n<\/div>\n<div>&nbsp;<\/div>\n<div class=\"cCore_block\"><span style=\"font-size: 16px; font-family: comic sans ms, sans-serif; color: #003366;\"><strong>Wilhelmschule Gemeinschaftsschule<\/strong><\/span><\/div>\n<div class=\"cCore_block\">\n<div class=\"cCore_block\">\n<div class=\"cCore_contactInformationBlock\">\n<div class=\"cCore_contactInformationBlockLine\">\n<div class=\"cCore_contactInformationBlockWithLabel\" title=\"Telefon\"><span style=\"font-family: comic sans ms, sans-serif; font-size: 16px; color: #003366;\">074 61 63 93<\/span><\/div>\n<\/div>\n<div class=\"cCore_contactInformationBlockLine\">\n<div class=\"cCore_contactInformationBlockWithLabel\" title=\"E-Mail\"><span style=\"font-family: comic sans ms, sans-serif; font-size: 16px; color: #003366;\"><a style=\"color: #003366;\" href=\"mailto:info@wilhelmschule-tuttlingen.de\">info@wilhelmschule-tuttlingen.de<\/a><\/span><\/div>\n<\/div>\n<div class=\"cCore_contactInformationBlockLine\">\n<div class=\"cCore_contactInformationBlockWithLabel\" title=\"World Wide Web\"><span style=\"font-family: comic sans ms, sans-serif; font-size: 16px; color: #003366;\"><a style=\"color: #003366;\" title=\"Neues Fenster: Internetauftritt Grund- und Gemeinschaftsschule Wilhelmschule\" href=\"https:\/\/www.ws-tuttlingen.de\/\" target=\"_contactInformationBlock\" rel=\"noopener noreferrer\">https:\/\/www.ws-tuttlingen.de\/<\/a><\/span><\/div>\n<\/div>\n<\/div>\n<\/div>\n<\/div>\n<div title=\"World Wide Web\">&nbsp;<\/div>\n","protected":false},"excerpt":{"rendered":"<p>Alle wichtigen Informationen zum \u00dcbergangsverfahren finden sie auf dieser Seite des Kultusministeriums. &nbsp; Weiterf\u00fchrende Schulen der Umgebung Diese Aufz\u00e4hlung ist erhebt keinerlei Anspruch auf Vollst\u00e4ndigkeit: Werkrealschule \/ Hauptschulen Schillerschule Tuttlingen 0 74 61 16 18 15 info@schillerschule-tuttlingen.de http:\/\/www.schillerschule-tuttlingen.de &nbsp; &nbsp; Witthoschule Emmingen 07465\/45199-60 info@wrs-el.de www.witthohschule.de&nbsp; Realschulen Realschule Realschule M\u00fchlheim 07463-995166-0 info@rsmuehlheim.de www.rsmuehlheim.de Herrmann Hesse Realschule [&hellip;]<\/p>\n","protected":false},"author":1,"featured_media":0,"parent":0,"menu_order":0,"comment_status":"closed","ping_status":"closed","template":"","meta":{"ngg_post_thumbnail":0,"ocean_post_layout":"","ocean_both_sidebars_style":"","ocean_both_sidebars_content_width":0,"ocean_both_sidebars_sidebars_width":0,"ocean_sidebar":"0","ocean_second_sidebar":"0","ocean_disable_margins":"enable","ocean_add_body_class":"","ocean_shortcode_before_top_bar":"","ocean_shortcode_after_top_bar":"","ocean_shortcode_before_header":"","ocean_shortcode_after_header":"","ocean_has_shortcode":"","ocean_shortcode_after_title":"","ocean_shortcode_before_footer_widgets":"","ocean_shortcode_after_footer_widgets":"","ocean_shortcode_before_footer_bottom":"","ocean_shortcode_after_footer_bottom":"","ocean_display_top_bar":"default","ocean_display_header":"default","ocean_header_style":"","ocean_center_header_left_menu":"0","ocean_custom_header_template":"0","ocean_custom_logo":0,"ocean_custom_retina_logo":0,"ocean_custom_logo_max_width":0,"ocean_custom_logo_tablet_max_width":0,"ocean_custom_logo_mobile_max_width":0,"ocean_custom_logo_max_height":0,"ocean_custom_logo_tablet_max_height":0,"ocean_custom_logo_mobile_max_height":0,"ocean_header_custom_menu":"0","ocean_menu_typo_font_family":"0","ocean_menu_typo_font_subset":"","ocean_menu_typo_font_size":0,"ocean_menu_typo_font_size_tablet":0,"ocean_menu_typo_font_size_mobile":0,"ocean_menu_typo_font_size_unit":"px","ocean_menu_typo_font_weight":"","ocean_menu_typo_font_weight_tablet":"","ocean_menu_typo_font_weight_mobile":"","ocean_menu_typo_transform":"","ocean_menu_typo_transform_tablet":"","ocean_menu_typo_transform_mobile":"","ocean_menu_typo_line_height":0,"ocean_menu_typo_line_height_tablet":0,"ocean_menu_typo_line_height_mobile":0,"ocean_menu_typo_line_height_unit":"","ocean_menu_typo_spacing":0,"ocean_menu_typo_spacing_tablet":0,"ocean_menu_typo_spacing_mobile":0,"ocean_menu_typo_spacing_unit":"","ocean_menu_link_color":"","ocean_menu_link_color_hover":"","ocean_menu_link_color_active":"","ocean_menu_link_background":"","ocean_menu_link_hover_background":"","ocean_menu_link_active_background":"","ocean_menu_social_links_bg":"","ocean_menu_social_hover_links_bg":"","ocean_menu_social_links_color":"","ocean_menu_social_hover_links_color":"","ocean_disable_title":"default","ocean_disable_heading":"default","ocean_post_title":"","ocean_post_subheading":"","ocean_post_title_style":"","ocean_post_title_background_color":"","ocean_post_title_background":0,"ocean_post_title_bg_image_position":"","ocean_post_title_bg_image_attachment":"","ocean_post_title_bg_image_repeat":"","ocean_post_title_bg_image_size":"","ocean_post_title_height":0,"ocean_post_title_bg_overlay":0.5,"ocean_post_title_bg_overlay_color":"","ocean_disable_breadcrumbs":"default","ocean_breadcrumbs_color":"","ocean_breadcrumbs_separator_color":"","ocean_breadcrumbs_links_color":"","ocean_breadcrumbs_links_hover_color":"","ocean_display_footer_widgets":"default","ocean_display_footer_bottom":"default","ocean_custom_footer_template":"0","footnotes":""},"class_list":["post-1004","page","type-page","status-publish","hentry","entry"],"_links":{"self":[{"href":"https:\/\/lippachtalschule.de\/index.php?rest_route=\/wp\/v2\/pages\/1004","targetHints":{"allow":["GET"]}}],"collection":[{"href":"https:\/\/lippachtalschule.de\/index.php?rest_route=\/wp\/v2\/pages"}],"about":[{"href":"https:\/\/lippachtalschule.de\/index.php?rest_route=\/wp\/v2\/types\/page"}],"author":[{"embeddable":true,"href":"https:\/\/lippachtalschule.de\/index.php?rest_route=\/wp\/v2\/users\/1"}],"replies":[{"embeddable":true,"href":"https:\/\/lippachtalschule.de\/index.php?rest_route=%2Fwp%2Fv2%2Fcomments&post=1004"}],"version-history":[{"count":20,"href":"https:\/\/lippachtalschule.de\/index.php?rest_route=\/wp\/v2\/pages\/1004\/revisions"}],"predecessor-version":[{"id":2911,"href":"https:\/\/lippachtalschule.de\/index.php?rest_route=\/wp\/v2\/pages\/1004\/revisions\/2911"}],"wp:attachment":[{"href":"https:\/\/lippachtalschule.de\/index.php?rest_route=%2Fwp%2Fv2%2Fmedia&parent=1004"}],"curies":[{"name":"wp","href":"https:\/\/api.w.org\/{rel}","templated":true}]}}